{"id":93,"date":"2020-04-04T18:23:55","date_gmt":"2020-04-04T18:23:55","guid":{"rendered":"https:\/\/demosites.io\/consultants-gb\/?page_id=93"},"modified":"2021-06-11T11:43:10","modified_gmt":"2021-06-11T08:43:10","slug":"b34cf-contact-us","status":"publish","type":"page","link":"https:\/\/enderorman.com\/home\/b34cf-contact-us\/","title":{"rendered":"B\u0130ZE ULA\u015eIN"},"content":{"rendered":"\n<div class=\"wp-block-themeisle-blocks-advanced-columns alignfull has-1-columns has-desktop-equal-layout has-tablet-equal-layout has-mobile-equal-layout has-default-gap has-vertical-unset\" id=\"wp-block-themeisle-blocks-advanced-columns-3c858e48\"><div class=\"wp-block-themeisle-blocks-advanced-columns-overlay\"><\/div><div class=\"innerblocks-wrap\">\n<div class=\"wp-block-themeisle-blocks-advanced-column\" id=\"wp-block-themeisle-blocks-advanced-column-ee4731d8\">\n<h1 class=\"has-text-align-left has-nv-text-dark-bg-color has-text-color\">\u0130LET\u0130\u015e\u0130M<\/h1>\n<\/div>\n<\/div><\/div>\n\n\n\n<div class=\"wp-block-themeisle-blocks-advanced-columns alignfull has-2-columns has-desktop-equal-layout has-tablet-equal-layout has-mobile-collapsedRows-layout has-nogap-gap has-vertical-unset\" id=\"wp-block-themeisle-blocks-advanced-columns-5382518b\"><div class=\"wp-block-themeisle-blocks-advanced-columns-overlay\"><\/div><div class=\"innerblocks-wrap\">\n<div class=\"wp-block-themeisle-blocks-advanced-column\" id=\"wp-block-themeisle-blocks-advanced-column-af3c6905\">\n<p style=\"font-size:21px\"><br>Mobilyac\u0131lar sitesi G\u00fczelevler Mah. 2014<\/p>\n\n\n\n<p style=\"font-size:21px\"> Sok. No:5\/A<\/p>\n\n\n\n<p style=\"font-size:21px\"><br><strong>Seyhan<\/strong>&nbsp;\/&nbsp;<strong>Adana<\/strong><\/p>\n\n\n\n<p><\/p>\n\n\n\n<h2><strong>(322) 346 21-00<\/strong><\/h2>\n\n\n\n<h2>0542 203 33 28<\/h2>\n\n\n\n<h2>0542 203 33 70<\/h2>\n\n\n\n<div id=\"wp-block-themeisle-blocks-button-group-9b870888\" class=\"wp-block-themeisle-blocks-button-group wp-block-buttons\">\n<div id=\"wp-block-themeisle-blocks-button-af0e4c0b\" class=\"wp-block-themeisle-blocks-button wp-block-button\"><a href=\"https:\/\/www.facebook.com\/enderorman.urunleri\/\" target=\"_blank\" rel=\"noopener noreferrer\" class=\"wp-block-button__link\"><i class=\"fab fa-fw fa-facebook-f\"><\/i><\/a><\/div>\n\n\n\n<div id=\"wp-block-themeisle-blocks-button-695da1e2\" class=\"wp-block-themeisle-blocks-button wp-block-button\"><a href=\"https:\/\/www.instagram.com\/enderorman01\/\" target=\"_blank\" rel=\"noopener noreferrer\" class=\"wp-block-button__link\"><i class=\"fab fa-fw fa-instagram\"><\/i><\/a><\/div>\n<\/div>\n<\/div>\n\n\n\n<div class=\"wp-block-themeisle-blocks-advanced-column\" id=\"wp-block-themeisle-blocks-advanced-column-7f1b5aab\">\n<figure class=\"wp-block-image size-large\"><img loading=\"lazy\" width=\"824\" height=\"671\" src=\"https:\/\/enderorman.com\/home\/wp-content\/uploads\/2020\/04\/Correct-map.png\" alt=\"\" class=\"wp-image-162\" srcset=\"https:\/\/enderorman.com\/home\/wp-content\/uploads\/2020\/04\/Correct-map.png 824w, https:\/\/enderorman.com\/home\/wp-content\/uploads\/2020\/04\/Correct-map-600x489.png 600w\" sizes=\"(max-width: 824px) 100vw, 824px\" \/><\/figure>\n<\/div>\n<\/div><\/div>\n\n\n\n<p><\/p>\n","protected":false},"excerpt":{"rendered":"","protected":false},"author":1,"featured_media":0,"parent":0,"menu_order":0,"comment_status":"closed","ping_status":"closed","template":"page-templates\/template-pagebuilder-full-width.php","meta":{"neve_meta_sidebar":"full-width","neve_meta_container":"contained","neve_meta_enable_content_width":"on","neve_meta_content_width":100,"neve_meta_title_alignment":"","neve_meta_author_avatar":"","neve_post_elements_order":"","neve_meta_disable_header":"","neve_meta_disable_footer":"","neve_meta_disable_title":"on","_ti_tpc_template_sync":false,"_ti_tpc_template_id":"b0fe68tywb1e4u0sa7ts"},"_links":{"self":[{"href":"https:\/\/enderorman.com\/home\/wp-json\/wp\/v2\/pages\/93"}],"collection":[{"href":"https:\/\/enderorman.com\/home\/wp-json\/wp\/v2\/pages"}],"about":[{"href":"https:\/\/enderorman.com\/home\/wp-json\/wp\/v2\/types\/page"}],"author":[{"embeddable":true,"href":"https:\/\/enderorman.com\/home\/wp-json\/wp\/v2\/users\/1"}],"replies":[{"embeddable":true,"href":"https:\/\/enderorman.com\/home\/wp-json\/wp\/v2\/comments?post=93"}],"version-history":[{"count":10,"href":"https:\/\/enderorman.com\/home\/wp-json\/wp\/v2\/pages\/93\/revisions"}],"predecessor-version":[{"id":299,"href":"https:\/\/enderorman.com\/home\/wp-json\/wp\/v2\/pages\/93\/revisions\/299"}],"wp:attachment":[{"href":"https:\/\/enderorman.com\/home\/wp-json\/wp\/v2\/media?parent=93"}],"curies":[{"name":"wp","href":"https:\/\/api.w.org\/{rel}","templated":true}]}}