{"id":694,"date":"2021-06-27T15:38:49","date_gmt":"2021-06-27T12:38:49","guid":{"rendered":"https:\/\/enderorman.com\/home\/?page_id=694"},"modified":"2021-06-27T15:38:50","modified_gmt":"2021-06-27T12:38:50","slug":"694-2","status":"publish","type":"page","link":"https:\/\/enderorman.com\/home\/694-2\/","title":{"rendered":""},"content":{"rendered":"\n<section class=\"wp-block-themeisle-blocks-advanced-columns alignfull has-1-columns has-desktop-equal-layout has-tablet-equal-layout has-mobile-equal-layout has-nogap-gap has-vertical-unset has-vertical-undefined\" id=\"wp-block-themeisle-blocks-advanced-columns-923f722e\"><div class=\"wp-block-themeisle-blocks-advanced-columns-overlay\"><\/div><div class=\"innerblocks-wrap\">\n<div class=\"wp-block-themeisle-blocks-advanced-column\" id=\"wp-block-themeisle-blocks-advanced-column-2e4dcd0f\">\n<div class=\"wp-block-buttons is-content-justification-center\"><\/div>\n<\/div>\n<\/div><\/section>\n\n\n\n<p><\/p>\n\n\n\n<p><\/p>\n\n\n\n<h1><span class=\"has-inline-color has-neve-link-hover-color-color\">Bluelam<\/span><\/h1>\n\n\n\n<p class=\"has-medium-font-size\"><strong>Melamin Kapl\u0131 Light MDF<\/strong><\/p>\n\n\n\n<p class=\"has-medium-font-size\">BLUELAM (Melamin Kapl\u0131 Light MDF), d\u00fc\u015f\u00fck yo\u011funluktaki Light MDF \u00fczerine Melaminli Dekor Ka\u011f\u0131tlar\u0131n preslenmesi sonucunda elde<\/p>\n\n\n\n<p class=\"has-medium-font-size\">edilmi\u015f hafif bir malzemedir.<\/p>\n\n\n\n<p><\/p>\n\n\n\n<p><\/p>\n\n\n\n<p class=\"has-medium-font-size\">BLUELAM, frezeleme ve profil a\u00e7man\u0131n \u00e7ok \u00f6nemli olmad\u0131\u011f\u0131 i\u015flerde kullan\u0131lmas\u0131n\u0131n yan\u0131 s\u0131ra, Standart yo\u011funluktaki MDFLAM\u2019\u0131n bir alt<\/p>\n\n\n\n<p class=\"has-medium-font-size\">kalitesinde, kalitenin \u00e7ok \u00f6nemli olmad\u0131\u011f\u0131 mobilya ve dekorasyon i\u015flerinde kullan\u0131labilir.<\/p>\n\n\n\n<p class=\"has-nv-site-bg-color has-neve-link-color-background-color has-text-color has-background has-normal-font-size\"><strong>\u00d6L\u00c7\u00dc VE \u00d6ZELL\u0130KLER<\/strong><\/p>\n\n\n\n<div class=\"wp-block-themeisle-blocks-advanced-columns has-1-columns has-desktop-equal-layout has-tablet-equal-layout has-mobile-equal-layout has-default-gap has-vertical-center\" id=\"wp-block-themeisle-blocks-advanced-columns-d17ec3c7\"><div class=\"wp-block-themeisle-blocks-advanced-columns-overlay\"><\/div><div class=\"innerblocks-wrap\">\n<div class=\"wp-block-themeisle-blocks-advanced-column\" id=\"wp-block-themeisle-blocks-advanced-column-f5bda66a\">\n<div class=\"wp-block-columns are-vertically-aligned-center\">\n<div class=\"wp-block-column is-vertically-aligned-center\" style=\"flex-basis:100%\">\n<div class=\"pane\" style=\"display: block;\">\n        <div class=\"four columns\">\n\t\t\t\t<div class=\"imgAuto\"><img style=\"margin-left:30%\" src=\"http:\/\/www.teverpan.com.tr\/i\/assets\/images\/content\/bluelam01.jpg\"><\/div>\n\t\t\t<\/div>\n\t\t\t<div class=\"eight columns omega alpha\">\n\t\t\t\t<div class=\"table blockAuto blockAuto-1 tableTwo\">\n\t\t\t\t\t<table>\n\t\t\t\t\t\t<tbody>\n\t\t\t\t\t\t\t<\/tbody><thead>\n\t\t\t\t\t\t\t<tr style=\"background: #aaaa\">\n\t\t\t\t\t\t\t\t<th>Kal\u0131nl\u0131k (mm)<\/th>\n\t\t\t\t\t\t\t\t<th>Ebat (mm)<\/th>\n\t\t\t\t\t\t\t<\/tr>\n\t\t\t\t\t\t\t<\/thead>\n\t\t\t\t\t\t\t<tbody><tr style=\"background: rgb(255, 255, 255);\">\n\t\t\t\t\t\t\t\t<td style=\"background: none;\">16, 18<\/td>\n\t\t\t\t\t\t\t\t<td style=\"background: none;\">1830&#215;3660, 2100&#215;2800<\/td>\n\t\t\t\t\t\t\t<\/tr>\n\t\t\t\t\t\t<\/tbody>\n\t\t\t\t\t<\/table>\n\t\t\t\t<\/div>\n\t\t\t<\/div>\n\t\t<\/div>\n<\/div>\n<\/div>\n<\/div>\n<\/div><\/div>\n\n\n\n<p class=\"has-nv-site-bg-color has-neve-link-color-background-color has-text-color has-background has-normal-font-size\"><strong>RENK KARTELASI<\/strong><\/p>\n\n\n\n<div class=\"wp-block-columns has-nv-site-bg-color has-vivid-cyan-blue-to-vivid-purple-gradient-background has-text-color has-background\">\n<div class=\"wp-block-column\" style=\"flex-basis:25%\">\n<div class=\"wp-block-group\"><div class=\"wp-block-group__inner-container\">\n<figure class=\"wp-block-image size-large is-resized\"><img loading=\"lazy\" src=\"http:\/\/www.teverpan.com.tr\/i\/content\/3417_1_ASKAR1.jpg\" alt=\"\" width=\"252\" height=\"236\"\/><figcaption><strong><span class=\"has-inline-color has-nv-site-bg-color\">M194 ASKAR ME\u015eE<\/span><\/strong><\/figcaption><\/figure>\n\n\n\n<p><\/p>\n<\/div><\/div>\n<\/div>\n\n\n\n<div class=\"wp-block-column is-vertically-aligned-top\" style=\"flex-basis:25%\">\n<figure class=\"wp-block-image size-large\"><img src=\"http:\/\/www.teverpan.com.tr\/i\/content\/227_1_341_1_fernor_B.jpg\" alt=\"\"\/><figcaption><strong><span class=\"has-inline-color has-nv-site-bg-color\">M157 FERNOR CEV\u0130Z<\/span><\/strong><\/figcaption><\/figure>\n<\/div>\n\n\n\n<div class=\"wp-block-column\" style=\"flex-basis:25%\">\n<figure class=\"wp-block-image size-large\"><img src=\"http:\/\/www.teverpan.com.tr\/i\/content\/3428_1_275_1_yeni_sumela_b.jpg\" alt=\"\"\/><figcaption><strong><span class=\"has-inline-color has-nv-site-bg-color\">M166 YEN\u0130 S\u00dcMELA<\/span><\/strong><\/figcaption><\/figure>\n<\/div>\n\n\n\n<div class=\"wp-block-column\" style=\"flex-basis:25%\">\n<figure class=\"wp-block-image size-large is-resized\"><img loading=\"lazy\" src=\"http:\/\/www.teverpan.com.tr\/i\/content\/3431_1_208_1_siena_buyuk.jpg\" alt=\"\" width=\"256\" height=\"240\"\/><figcaption><strong><span class=\"has-inline-color has-nv-text-dark-bg-color\">M102 SIENA<\/span><\/strong><\/figcaption><\/figure>\n<\/div>\n<\/div>\n\n\n\n<div class=\"wp-block-columns has-pale-ocean-gradient-background has-background\">\n<div class=\"wp-block-column\" style=\"flex-basis:25%\">\n<figure class=\"wp-block-image size-large\"><img src=\"http:\/\/teverpan.com.tr\/i\/content\/5222_1_MP006B.jpg\" alt=\"\"\/><figcaption><strong>M158 ANTRAS\u0130T GR\u0130<\/strong><\/figcaption><\/figure>\n\n\n\n<p><\/p>\n<\/div>\n\n\n\n<div class=\"wp-block-column\" style=\"flex-basis:25%\">\n<figure class=\"wp-block-image size-large\"><img src=\"http:\/\/www.teverpan.com.tr\/i\/content\/228_1_royal_mese_b.jpg\" alt=\"\"\/><figcaption><strong>M152 ROYAL ME\u015eE<\/strong><\/figcaption><\/figure>\n<\/div>\n\n\n\n<div class=\"wp-block-column\" style=\"flex-basis:25%\">\n<figure class=\"wp-block-image size-large\"><img src=\"http:\/\/www.teverpan.com.tr\/i\/content\/221_1_3341_1_katanya_b.jpg\" alt=\"\"\/><figcaption><strong>M165 KATANYA<\/strong><\/figcaption><\/figure>\n<\/div>\n\n\n\n<div class=\"wp-block-column\" style=\"flex-basis:25%\">\n<figure class=\"wp-block-image size-large is-resized\"><img loading=\"lazy\" src=\"http:\/\/www.teverpan.com.tr\/i\/content\/5209_1_332_1_pedro_ceviz_b.jpg\" alt=\"\" width=\"269\" height=\"252\"\/><figcaption><strong>M151 PEDRO CEV\u0130Z<\/strong><\/figcaption><\/figure>\n<\/div>\n<\/div>\n\n\n\n<div class=\"wp-block-columns has-very-light-gray-to-cyan-bluish-gray-gradient-background has-background\">\n<div class=\"wp-block-column\" style=\"flex-basis:25%\">\n<figure class=\"wp-block-image size-large\"><img src=\"http:\/\/www.teverpan.com.tr\/i\/content\/222_1_215_1_5233_1_MP015B.jpg\" alt=\"\"\/><figcaption><strong>M172 KAHVE<\/strong><\/figcaption><\/figure>\n<\/div>\n\n\n\n<div class=\"wp-block-column\" style=\"flex-basis:25%\">\n<figure class=\"wp-block-image size-large\"><img src=\"http:\/\/www.teverpan.com.tr\/i\/content\/230_1_VELIMESE1.jpg\" alt=\"\"\/><figcaption><strong>M192 VEL\u0130ME\u015eE<\/strong><\/figcaption><\/figure>\n<\/div>\n\n\n\n<div class=\"wp-block-column\" style=\"flex-basis:25%\">\n<figure class=\"wp-block-image size-large\"><img src=\"http:\/\/www.teverpan.com.tr\/i\/content\/3435_1_297_1_5232_1_MP014B.jpg\" alt=\"\"\/><figcaption><strong>M173 PETROL MAV\u0130<\/strong><\/figcaption><\/figure>\n<\/div>\n\n\n\n<div class=\"wp-block-column\" style=\"flex-basis:25%\">\n<figure class=\"wp-block-image size-large is-resized\"><img loading=\"lazy\" src=\"http:\/\/www.teverpan.com.tr\/i\/content\/3436_1_capucino_buyuk.jpg\" alt=\"\" width=\"269\" height=\"252\"\/><figcaption><strong>M156 YEN\u0130 CAPPUCINO<\/strong><\/figcaption><\/figure>\n<\/div>\n<\/div>\n\n\n\n<div class=\"wp-block-columns has-pale-ocean-gradient-background has-background\">\n<div class=\"wp-block-column\" style=\"flex-basis:25%\">\n<figure class=\"wp-block-image size-large\"><img src=\"http:\/\/www.teverpan.com.tr\/i\/content\/223_1_311_1_5224_1_MP008B.jpg\" alt=\"\"\/><figcaption><strong>M162 KIRMIZI<\/strong><\/figcaption><\/figure>\n<\/div>\n\n\n\n<div class=\"wp-block-column\" style=\"flex-basis:25%\">\n<figure class=\"wp-block-image size-large\"><img src=\"http:\/\/www.teverpan.com.tr\/i\/content\/5316_1_SIYAH2.jpg\" alt=\"\"\/><figcaption><strong>M032 S\u0130YAH<\/strong><\/figcaption><\/figure>\n<\/div>\n\n\n\n<div class=\"wp-block-column\" style=\"flex-basis:25%\">\n<figure class=\"wp-block-image size-large\"><img src=\"http:\/\/www.teverpan.com.tr\/i\/content\/5318_1_188_1_sonoma_buyuk.jpg\" alt=\"\"\/><figcaption><strong>M125 SONOMA<\/strong><\/figcaption><\/figure>\n<\/div>\n\n\n\n<div class=\"wp-block-column\" style=\"flex-basis:25%\">\n<figure class=\"wp-block-image size-large is-resized\"><img loading=\"lazy\" src=\"http:\/\/www.teverpan.com.tr\/i\/content\/226_1_M195ACIK%20GRI.jpg\" alt=\"\" width=\"269\" height=\"252\"\/><figcaption><strong>M195 A\u00c7IK GR\u0130<\/strong><\/figcaption><\/figure>\n<\/div>\n<\/div>\n\n\n\n<div class=\"wp-block-columns has-pale-ocean-gradient-background has-background\">\n<div class=\"wp-block-column\" style=\"flex-basis:25%\">\n<figure class=\"wp-block-image size-large\"><img src=\"http:\/\/www.teverpan.com.tr\/i\/content\/3437_1_metalik-inci_buyuk.jpg\" alt=\"\"\/><figcaption><strong>M139 METAL\u0130K \u0130NC\u0130<\/strong><\/figcaption><\/figure>\n<\/div>\n\n\n\n<div class=\"wp-block-column\" style=\"flex-basis:25%\">\n<figure class=\"wp-block-image size-large\"><img src=\"http:\/\/www.teverpan.com.tr\/i\/content\/225_1_aytasi_buyuk.jpg\" alt=\"\"\/><figcaption><strong>M129 AYTA\u015eI<\/strong><\/figcaption><\/figure>\n<\/div>\n\n\n\n<div class=\"wp-block-column\" style=\"flex-basis:25%\">\n<figure class=\"wp-block-image size-large\"><img src=\"http:\/\/www.teverpan.com.tr\/i\/content\/232_1_349_1_opak-beyaz_buyuk.jpg\" alt=\"\"\/><figcaption><strong>M120 OPAK BEYAZ<\/strong><\/figcaption><\/figure>\n<\/div>\n\n\n\n<div class=\"wp-block-column\" style=\"flex-basis:25%\">\n<figure class=\"wp-block-image size-large is-resized\"><img loading=\"lazy\" src=\"http:\/\/www.teverpan.com.tr\/i\/content\/3415_1_trend_krem_b.jpg\" alt=\"\" width=\"269\" height=\"252\"\/><figcaption><strong>M152 TREND KREM<\/strong><\/figcaption><\/figure>\n<\/div>\n<\/div>\n\n\n\n<div class=\"wp-block-columns has-pale-ocean-gradient-background has-background\">\n<div class=\"wp-block-column\" style=\"flex-basis:25%\">\n<figure class=\"wp-block-image size-large is-resized\"><img loading=\"lazy\" src=\"http:\/\/www.teverpan.com.tr\/i\/content\/231_1_M162-murdum.jpg\" alt=\"\" width=\"252\" height=\"236\"\/><figcaption><strong>M175 M\u00dcRD\u00dcM<\/strong><\/figcaption><\/figure>\n<\/div>\n\n\n\n<div class=\"wp-block-column\" style=\"flex-basis:25%\"><\/div>\n\n\n\n<div class=\"wp-block-column\" style=\"flex-basis:25%\"><\/div>\n\n\n\n<div class=\"wp-block-column\" style=\"flex-basis:23%\"><\/div>\n<\/div>\n","protected":false},"excerpt":{"rendered":"<p>Bluelam Melamin Kapl\u0131 Light MDF BLUELAM (Melamin Kapl\u0131 Light MDF), d\u00fc\u015f\u00fck yo\u011funluktaki Light MDF \u00fczerine Melaminli Dekor Ka\u011f\u0131tlar\u0131n preslenmesi sonucunda elde edilmi\u015f hafif bir malzemedir. BLUELAM, frezeleme ve profil a\u00e7man\u0131n \u00e7ok \u00f6nemli olmad\u0131\u011f\u0131 i\u015flerde kullan\u0131lmas\u0131n\u0131n yan\u0131 s\u0131ra, Standart yo\u011funluktaki MDFLAM\u2019\u0131n bir alt kalitesinde, kalitenin \u00e7ok \u00f6nemli olmad\u0131\u011f\u0131 mobilya ve dekorasyon i\u015flerinde kullan\u0131labilir. \u00d6L\u00c7\u00dc VE \u00d6ZELL\u0130KLER&hellip;&nbsp;<a href=\"https:\/\/enderorman.com\/home\/694-2\/\" class=\"\" rel=\"bookmark\">Daha fazlas\u0131n\u0131 oku &raquo;<span class=\"screen-reader-text\"><\/span><\/a><\/p>\n","protected":false},"author":1,"featured_media":0,"parent":0,"menu_order":0,"comment_status":"closed","ping_status":"closed","template":"","meta":{"neve_meta_sidebar":"full-width","neve_meta_container":"","neve_meta_enable_content_width":"on","neve_meta_content_width":100,"neve_meta_title_alignment":"","neve_meta_author_avatar":"","neve_post_elements_order":"","neve_meta_disable_header":"","neve_meta_disable_footer":"","neve_meta_disable_title":"","_ti_tpc_template_sync":false,"_ti_tpc_template_id":""},"_links":{"self":[{"href":"https:\/\/enderorman.com\/home\/wp-json\/wp\/v2\/pages\/694"}],"collection":[{"href":"https:\/\/enderorman.com\/home\/wp-json\/wp\/v2\/pages"}],"about":[{"href":"https:\/\/enderorman.com\/home\/wp-json\/wp\/v2\/types\/page"}],"author":[{"embeddable":true,"href":"https:\/\/enderorman.com\/home\/wp-json\/wp\/v2\/users\/1"}],"replies":[{"embeddable":true,"href":"https:\/\/enderorman.com\/home\/wp-json\/wp\/v2\/comments?post=694"}],"version-history":[{"count":2,"href":"https:\/\/enderorman.com\/home\/wp-json\/wp\/v2\/pages\/694\/revisions"}],"predecessor-version":[{"id":698,"href":"https:\/\/enderorman.com\/home\/wp-json\/wp\/v2\/pages\/694\/revisions\/698"}],"wp:attachment":[{"href":"https:\/\/enderorman.com\/home\/wp-json\/wp\/v2\/media?parent=694"}],"curies":[{"name":"wp","href":"https:\/\/api.w.org\/{rel}","templated":true}]}}