{"id":69,"date":"2020-04-04T00:02:49","date_gmt":"2020-04-04T00:02:49","guid":{"rendered":"https:\/\/demosites.io\/consultants-gb\/?page_id=69"},"modified":"2021-10-08T19:51:06","modified_gmt":"2021-10-08T16:51:06","slug":"b34cf-home","status":"publish","type":"page","link":"https:\/\/enderorman.com\/home\/","title":{"rendered":"Home"},"content":{"rendered":"\n<div class=\"wp-block-themeisle-blocks-advanced-columns alignfull has-1-columns has-desktop-equal-layout has-tablet-equal-layout has-mobile-equal-layout has-default-gap has-vertical-unset animated fadeInUp\" id=\"wp-block-themeisle-blocks-advanced-columns-b8cac1e0\"><div class=\"wp-block-themeisle-blocks-advanced-columns-overlay\"><\/div><div class=\"innerblocks-wrap\">\n<div class=\"wp-block-themeisle-blocks-advanced-column\" id=\"wp-block-themeisle-blocks-advanced-column-abedc041\">\n<span id=\"wp-block-themeisle-blocks-advanced-heading-c804e50b\" class=\"wp-block-themeisle-blocks-advanced-heading wp-block-themeisle-blocks-advanced-heading-c804e50b\">Do\u011fadan \u0130lham Al\u0131yoruz<\/span>\n\n\n\n<h1 class=\"has-text-align-center has-nv-text-dark-bg-color has-text-color\"> \u0130malatta \u00c7\u00f6z\u00fcm Orta\u011f\u0131n\u0131z<\/h1>\n\n\n\n<div id=\"wp-block-themeisle-blocks-button-group-0dc31828\" class=\"wp-block-themeisle-blocks-button-group wp-block-buttons align-center\">\n<div id=\"wp-block-themeisle-blocks-button-845ee66b\" class=\"wp-block-themeisle-blocks-button wp-block-button\"><a href=\"https:\/\/enderorman.com\/home\/323-2\/\" target=\"_self\" rel=\"noopener noreferrer\" class=\"wp-block-button__link\"><span><strong>\u00dcR\u00dcNLER<\/strong><\/span><\/a><\/div>\n<\/div>\n<\/div>\n<\/div><\/div>\n\n\n\n<p class=\"has-text-align-center has-nv-site-bg-color has-neve-link-color-background-color has-text-color has-background\" style=\"font-size:32px\">                                                                                                                                     <strong>BAY\u0130L\u0130KLER\u0130M\u0130Z<\/strong><\/p>\n\n\n\n<div class=\"wp-block-themeisle-blocks-advanced-columns alignfull has-1-columns has-desktop-equal-layout has-tablet-equal-layout has-mobile-equal-layout has-nogap-gap has-vertical-center\" id=\"wp-block-themeisle-blocks-advanced-columns-2cf1770a\"><div class=\"wp-block-themeisle-blocks-advanced-columns-overlay\"><\/div><div class=\"innerblocks-wrap\">\n<div class=\"wp-block-themeisle-blocks-advanced-column ticss-4bbc907e\" id=\"wp-block-themeisle-blocks-advanced-column-4bbc907e\">\n<div class=\"wp-block-themeisle-blocks-service\">\n<figure class=\"wp-block-image size-large is-resized animated bounceIn\"><img loading=\"lazy\" src=\"https:\/\/enderorman.com\/home\/wp-content\/uploads\/2021\/06\/firmalar-1024x53.png\" alt=\"\" class=\"wp-image-297\" width=\"1010\" height=\"52\" srcset=\"https:\/\/enderorman.com\/home\/wp-content\/uploads\/2021\/06\/firmalar-1024x53.png 1024w, https:\/\/enderorman.com\/home\/wp-content\/uploads\/2021\/06\/firmalar-300x16.png 300w, https:\/\/enderorman.com\/home\/wp-content\/uploads\/2021\/06\/firmalar-768x40.png 768w, https:\/\/enderorman.com\/home\/wp-content\/uploads\/2021\/06\/firmalar-1536x80.png 1536w, https:\/\/enderorman.com\/home\/wp-content\/uploads\/2021\/06\/firmalar-2048x106.png 2048w, https:\/\/enderorman.com\/home\/wp-content\/uploads\/2021\/06\/firmalar-600x31.png 600w\" sizes=\"(max-width: 1010px) 100vw, 1010px\" \/><\/figure>\n<\/div>\n<\/div>\n<\/div><\/div>\n\n\n\n<div class=\"wp-block-themeisle-blocks-advanced-columns alignfull has-1-columns has-desktop-equal-layout has-tablet-equal-layout has-mobile-equal-layout has-nogap-gap has-vertical-center\" id=\"wp-block-themeisle-blocks-advanced-columns-47bead08\"><div class=\"wp-block-themeisle-blocks-advanced-columns-overlay\"><\/div><div class=\"innerblocks-wrap\">\n<div class=\"wp-block-themeisle-blocks-advanced-column ticss-4bbc907e\" id=\"wp-block-themeisle-blocks-advanced-column-68e0272e\">\n<div class=\"wp-block-themeisle-blocks-service\">\n<figure class=\"wp-block-image size-large is-resized animated bounceIn\"><img loading=\"lazy\" src=\"https:\/\/enderorman.com\/home\/wp-content\/uploads\/2021\/06\/yeni_bayilikler-1024x79.png\" alt=\"\" class=\"wp-image-314\" width=\"1010\" height=\"77\" srcset=\"https:\/\/enderorman.com\/home\/wp-content\/uploads\/2021\/06\/yeni_bayilikler-1024x79.png 1024w, https:\/\/enderorman.com\/home\/wp-content\/uploads\/2021\/06\/yeni_bayilikler-300x23.png 300w, https:\/\/enderorman.com\/home\/wp-content\/uploads\/2021\/06\/yeni_bayilikler-768x60.png 768w, https:\/\/enderorman.com\/home\/wp-content\/uploads\/2021\/06\/yeni_bayilikler-1536x119.png 1536w, https:\/\/enderorman.com\/home\/wp-content\/uploads\/2021\/06\/yeni_bayilikler-2048x159.png 2048w, https:\/\/enderorman.com\/home\/wp-content\/uploads\/2021\/06\/yeni_bayilikler-600x47.png 600w\" sizes=\"(max-width: 1010px) 100vw, 1010px\" \/><\/figure>\n<\/div>\n<\/div>\n<\/div><\/div>\n\n\n\n<div class=\"wp-block-themeisle-blocks-advanced-columns alignfull has-1-columns has-desktop-equal-layout has-tablet-equal-layout has-mobile-equal-layout has-default-gap has-vertical-unset\" id=\"wp-block-themeisle-blocks-advanced-columns-3ecef01e\"><div class=\"wp-block-themeisle-blocks-advanced-columns-overlay\"><\/div><div class=\"innerblocks-wrap\">\n<div class=\"wp-block-themeisle-blocks-advanced-column\" id=\"wp-block-themeisle-blocks-advanced-column-2a1cc73c\">\n<span id=\"wp-block-themeisle-blocks-advanced-heading-b0f9dea5\" class=\"wp-block-themeisle-blocks-advanced-heading wp-block-themeisle-blocks-advanced-heading-b0f9dea5\"><strong>Daima G\u00fcvenle<\/strong><\/span>\n\n\n\n<div style=\"height:20px\" aria-hidden=\"true\" class=\"wp-block-spacer\"><\/div>\n\n\n\n<h2 id=\"wp-block-themeisle-blocks-advanced-heading-8ba74c0a\" class=\"wp-block-themeisle-blocks-advanced-heading wp-block-themeisle-blocks-advanced-heading-8ba74c0a animated bounceInDown\">NEDEN B\u0130Z ?<\/h2>\n\n\n\n<p class=\"has-text-align-center has-nv-site-bg-color has-text-color\">M\u00fc\u015fterilerimizin isteklerini iyi anl\u0131yoruz.<\/p>\n\n\n\n<p class=\"has-text-align-center has-nv-site-bg-color has-text-color\">\u0130htiya\u00e7lar\u0131n etkin analizi ile \u00e7\u00f6z\u00fcm \u00fcretiyoruz.<\/p>\n\n\n\n<p class=\"has-text-align-center has-nv-site-bg-color has-text-color\">Ortakl\u0131k anlay\u0131\u015f\u0131nda bir yakla\u015f\u0131m i\u00e7erisindeyiz.<\/p>\n\n\n\n<p class=\"has-text-align-center has-nv-site-bg-color has-text-color\">Sonu\u00e7 odakl\u0131 hareket ediyoruz.<\/p>\n\n\n\n<p class=\"has-text-align-center has-nv-site-bg-color has-text-color\">Zamanlama ve aciliyet bilincine sahibiz.<\/p>\n\n\n\n<p class=\"has-text-align-center has-nv-site-bg-color has-text-color\">\u00dcretken ve proaktif \u00e7al\u0131\u015f\u0131yoruz.<\/p>\n\n\n\n<hr class=\"wp-block-separator has-text-color has-background has-neve-text-color-background-color has-neve-text-color-color\"\/>\n<\/div>\n<\/div><\/div>\n\n\n\n<div class=\"wp-block-themeisle-blocks-advanced-columns alignfull has-3-columns has-desktop-equal-layout has-tablet-equal-layout has-mobile-collapsedRows-layout has-nogap-gap has-vertical-unset\" id=\"wp-block-themeisle-blocks-advanced-columns-5a0064ef\"><div class=\"wp-block-themeisle-blocks-advanced-columns-overlay\"><\/div><div class=\"innerblocks-wrap\">\n<div class=\"wp-block-themeisle-blocks-advanced-column\" id=\"wp-block-themeisle-blocks-advanced-column-ef9ac70b\">\n<div class=\"wp-block-themeisle-blocks-service\">\n<div id=\"wp-block-themeisle-blocks-button-group-3faeeedc\" class=\"wp-block-themeisle-blocks-button-group wp-block-buttons align-center\">\n<div id=\"wp-block-themeisle-blocks-button-9dae59a0\" class=\"wp-block-themeisle-blocks-button wp-block-button\"><a target=\"_self\" rel=\"noopener noreferrer\" class=\"wp-block-button__link\"><span><\/span><\/a><\/div>\n<\/div>\n<\/div>\n<\/div>\n\n\n\n<div class=\"wp-block-themeisle-blocks-advanced-column\" id=\"wp-block-themeisle-blocks-advanced-column-aa4ee1e7\">\n<p class=\"wp-block-themeisle-blocks-font-awesome-icons animated fadeInLeft\" id=\"wp-block-themeisle-blocks-font-awesome-icons-a01d7390\"><span class=\"wp-block-themeisle-blocks-font-awesome-icons-container\"><i class=\"fab fa-canadian-maple-leaf\"><\/i><\/span><\/p>\n\n\n\n<h4 id=\"wp-block-themeisle-blocks-advanced-heading-dfb39005\" class=\"wp-block-themeisle-blocks-advanced-heading wp-block-themeisle-blocks-advanced-heading-dfb39005 animated bounceIn\">  ORMAN  \u00dcR\u00dcNLER\u0130<\/h4>\n\n\n\n<p class=\"has-text-align-center animated bounceIn has-medium-font-size\">MDFLAM dan SUNTALAM,KAPI PANEL\u0130 ve PARKEYE kadar in\u015faat ve <\/p>\n\n\n\n<p class=\"has-text-align-center animated bounceIn has-medium-font-size\">dekorasyon sekt\u00f6r\u00fcnde ihtiya\u00e7 duyulan \u00fcr\u00fcnler Ender <\/p>\n\n\n\n<p class=\"has-text-align-center animated bounceIn has-medium-font-size\">Orman \u00dcr\u00fcnleri taraf\u0131ndan sunulmaktad\u0131r.<\/p>\n<\/div>\n\n\n\n<div class=\"wp-block-themeisle-blocks-advanced-column\" id=\"wp-block-themeisle-blocks-advanced-column-bea25ee3\"><\/div>\n<\/div><\/div>\n\n\n\n<div class=\"wp-block-themeisle-blocks-advanced-columns alignfull has-2-columns has-desktop-equal-layout has-tablet-equal-layout has-mobile-collapsedRows-layout has-nogap-gap has-vertical-unset\" id=\"wp-block-themeisle-blocks-advanced-columns-e1e80b8b\"><div class=\"wp-block-themeisle-blocks-advanced-columns-overlay\"><\/div><div class=\"innerblocks-wrap\">\n<div class=\"wp-block-themeisle-blocks-advanced-column\" id=\"wp-block-themeisle-blocks-advanced-column-9a8b936f\">\n<h2 id=\"wp-block-themeisle-blocks-advanced-heading-b64eb0d9\" class=\"wp-block-themeisle-blocks-advanced-heading wp-block-themeisle-blocks-advanced-heading-b64eb0d9\"><br><br>PVC KENAR BANTLAMA<\/h2>\n\n\n\n<p>Estetik, koruma, uzun \u00f6m\u00fcrl\u00fc kullan\u0131m ve temizlik ama\u00e7l\u0131 mobilyan\u0131n y\u00fczeyine uygun \u015fekilde \u00e7\u00f6z\u00fcmlerimizle hizmetinizdeyiz.<\/p>\n<\/div>\n\n\n\n<div class=\"wp-block-themeisle-blocks-advanced-column\" id=\"wp-block-themeisle-blocks-advanced-column-cd5cc1d0\">\n<div style=\"height:450px\" aria-hidden=\"true\" class=\"wp-block-spacer\"><\/div>\n<\/div>\n<\/div><\/div>\n\n\n\n<div class=\"wp-block-themeisle-blocks-advanced-columns alignfull has-2-columns has-desktop-equal-layout has-tablet-equal-layout has-mobile-collapsedRows-layout has-nogap-gap has-vertical-unset\" id=\"wp-block-themeisle-blocks-advanced-columns-bf04c9d1\"><div class=\"wp-block-themeisle-blocks-advanced-columns-overlay\"><\/div><div class=\"innerblocks-wrap\">\n<div class=\"wp-block-themeisle-blocks-advanced-column\" id=\"wp-block-themeisle-blocks-advanced-column-5255ab44\">\n<figure class=\"wp-block-image size-full is-resized\"><img loading=\"lazy\" src=\"https:\/\/enderorman.com\/home\/wp-content\/uploads\/2019\/08\/neve-consultants-demo-06.jpg\" alt=\"\" class=\"wp-image-38\" width=\"600\" height=\"600\" srcset=\"https:\/\/enderorman.com\/home\/wp-content\/uploads\/2019\/08\/neve-consultants-demo-06.jpg 600w, https:\/\/enderorman.com\/home\/wp-content\/uploads\/2019\/08\/neve-consultants-demo-06-300x300.jpg 300w, https:\/\/enderorman.com\/home\/wp-content\/uploads\/2019\/08\/neve-consultants-demo-06-100x100.jpg 100w\" sizes=\"(max-width: 600px) 100vw, 600px\" \/><\/figure>\n<\/div>\n\n\n\n<div class=\"wp-block-themeisle-blocks-advanced-column\" id=\"wp-block-themeisle-blocks-advanced-column-1e58fdfa\">\n<h2 id=\"wp-block-themeisle-blocks-advanced-heading-009d2516\" class=\"wp-block-themeisle-blocks-advanced-heading wp-block-themeisle-blocks-advanced-heading-009d2516\"><br><br><br><br><br>KES\u0130M EBATLAMA<\/h2>\n\n\n\n<p>Y\u00fcksek teknolojili makine parkurumuzda t\u00fcm kesim ve ebatlama taleplerinizi ekonomik olarak \u00e7\u00f6z\u00fcyoruz.<\/p>\n<\/div>\n<\/div><\/div>\n\n\n\n<div class=\"wp-block-themeisle-blocks-advanced-columns alignfull has-1-columns has-desktop-equal-layout has-tablet-equal-layout has-mobile-equal-layout has-nogap-gap has-vertical-center\" id=\"wp-block-themeisle-blocks-advanced-columns-00fa19cf\"><div class=\"wp-block-themeisle-blocks-advanced-columns-overlay\"><\/div><div class=\"innerblocks-wrap\">\n<div class=\"wp-block-themeisle-blocks-advanced-column\" id=\"wp-block-themeisle-blocks-advanced-column-77dd4558\">\n<span id=\"wp-block-themeisle-blocks-advanced-heading-665bbc4a\" class=\"wp-block-themeisle-blocks-advanced-heading wp-block-themeisle-blocks-advanced-heading-665bbc4a\"><strong>HER ZAMAN<\/strong><\/span>\n\n\n\n<h2 id=\"wp-block-themeisle-blocks-advanced-heading-e14f2b5b\" class=\"wp-block-themeisle-blocks-advanced-heading wp-block-themeisle-blocks-advanced-heading-e14f2b5b\">S\u0130Z\u0130N \u0130\u00c7\u0130N BURADAYIZ<\/h2>\n<\/div>\n<\/div><\/div>\n\n\n\n<div class=\"wp-block-themeisle-blocks-advanced-columns alignfull has-2-columns has-desktop-equal-layout has-tablet-equal-layout has-mobile-collapsedRows-layout has-nogap-gap has-vertical-unset\" id=\"wp-block-themeisle-blocks-advanced-columns-a7a0076b\"><div class=\"wp-block-themeisle-blocks-advanced-columns-overlay\"><\/div><div class=\"innerblocks-wrap\">\n<div class=\"wp-block-themeisle-blocks-advanced-column\" id=\"wp-block-themeisle-blocks-advanced-column-57232a91\">\n<h2 id=\"wp-block-themeisle-blocks-advanced-heading-7a54d8f7\" class=\"wp-block-themeisle-blocks-advanced-heading wp-block-themeisle-blocks-advanced-heading-7a54d8f7\">\u0130LET\u0130\u015e\u0130M<\/h2>\n\n\n\n<hr class=\"wp-block-separator has-text-color has-background has-nv-light-bg-background-color has-nv-light-bg-color is-style-wide\"\/>\n\n\n\n<div id=\"wp-block-themeisle-blocks-button-group-9b870888\" class=\"wp-block-themeisle-blocks-button-group wp-block-buttons\">\n<div id=\"wp-block-themeisle-blocks-button-af0e4c0b\" class=\"wp-block-themeisle-blocks-button wp-block-button\"><a href=\"https:\/\/www.facebook.com\/enderorman.urunleri\/\" target=\"_blank\" rel=\"noopener noreferrer\" class=\"wp-block-button__link\"><i class=\"fab fa-fw fa-facebook-f\"><\/i><\/a><\/div>\n\n\n\n<div id=\"wp-block-themeisle-blocks-button-695da1e2\" class=\"wp-block-themeisle-blocks-button wp-block-button\"><a href=\"https:\/\/www.instagram.com\/enderorman01\/\" target=\"_blank\" rel=\"noopener noreferrer\" class=\"wp-block-button__link\"><i class=\"fab fa-fw fa-instagram\"><\/i><\/a><\/div>\n<\/div>\n\n\n\n<p>Mobilyac\u0131lar sitesi G\u00fczelevler Mah. 2014 Sok. No:5\/A<br><strong>Y\u00fcre\u011fir&nbsp;<\/strong>\/&nbsp;<strong>Adana<\/strong><\/p>\n\n\n\n<h2><strong>0322 346 21 00<\/strong><\/h2>\n\n\n\n<h2>0542 203 33 28<\/h2>\n\n\n\n<h2>0542 203 33 70<\/h2>\n\n\n\n<hr class=\"wp-block-separator has-text-color has-background has-nv-light-bg-background-color has-nv-light-bg-color is-style-wide\"\/>\n<\/div>\n\n\n\n<main class=\"wp-block-themeisle-blocks-advanced-column\" id=\"wp-block-themeisle-blocks-advanced-column-d172157e\"><\/main>\n<\/div><\/div>\n","protected":false},"excerpt":{"rendered":"<p>BAY\u0130L\u0130KLER\u0130M\u0130Z<\/p>\n","protected":false},"author":1,"featured_media":0,"parent":0,"menu_order":0,"comment_status":"closed","ping_status":"closed","template":"page-templates\/template-pagebuilder-full-width.php","meta":{"neve_meta_sidebar":"full-width","neve_meta_container":"contained","neve_meta_enable_content_width":"on","neve_meta_content_width":100,"neve_meta_title_alignment":"","neve_meta_author_avatar":"","neve_post_elements_order":"","neve_meta_disable_header":"","neve_meta_disable_footer":"","neve_meta_disable_title":"on","_ti_tpc_template_sync":false,"_ti_tpc_template_id":"z88be5axpb1k1cearsxu"},"_links":{"self":[{"href":"https:\/\/enderorman.com\/home\/wp-json\/wp\/v2\/pages\/69"}],"collection":[{"href":"https:\/\/enderorman.com\/home\/wp-json\/wp\/v2\/pages"}],"about":[{"href":"https:\/\/enderorman.com\/home\/wp-json\/wp\/v2\/types\/page"}],"author":[{"embeddable":true,"href":"https:\/\/enderorman.com\/home\/wp-json\/wp\/v2\/users\/1"}],"replies":[{"embeddable":true,"href":"https:\/\/enderorman.com\/home\/wp-json\/wp\/v2\/comments?post=69"}],"version-history":[{"count":36,"href":"https:\/\/enderorman.com\/home\/wp-json\/wp\/v2\/pages\/69\/revisions"}],"predecessor-version":[{"id":723,"href":"https:\/\/enderorman.com\/home\/wp-json\/wp\/v2\/pages\/69\/revisions\/723"}],"wp:attachment":[{"href":"https:\/\/enderorman.com\/home\/wp-json\/wp\/v2\/media?parent=69"}],"curies":[{"name":"wp","href":"https:\/\/api.w.org\/{rel}","templated":true}]}}