{"id":687,"date":"2021-06-27T15:25:39","date_gmt":"2021-06-27T12:25:39","guid":{"rendered":"https:\/\/enderorman.com\/home\/?page_id=687"},"modified":"2021-06-27T15:25:39","modified_gmt":"2021-06-27T12:25:39","slug":"687-2","status":"publish","type":"page","link":"https:\/\/enderorman.com\/home\/687-2\/","title":{"rendered":""},"content":{"rendered":"\n<section class=\"wp-block-themeisle-blocks-advanced-columns alignfull has-1-columns has-desktop-equal-layout has-tablet-equal-layout has-mobile-equal-layout has-nogap-gap has-vertical-unset has-vertical-undefined\" id=\"wp-block-themeisle-blocks-advanced-columns-923f722e\"><div class=\"wp-block-themeisle-blocks-advanced-columns-overlay\"><\/div><div class=\"innerblocks-wrap\">\n<div class=\"wp-block-themeisle-blocks-advanced-column\" id=\"wp-block-themeisle-blocks-advanced-column-2e4dcd0f\">\n<div class=\"wp-block-buttons is-content-justification-center\"><\/div>\n<\/div>\n<\/div><\/section>\n\n\n\n<p><\/p>\n\n\n\n<p><\/p>\n\n\n\n<h1><span class=\"has-inline-color has-neve-link-hover-color-color\">Yongalevga<\/span><\/h1>\n\n\n\n<p class=\"has-medium-font-size\"><strong>Yonga Levha<\/strong><\/p>\n\n\n\n<p class=\"has-medium-font-size\">YONGA LEVHA \u00fcr\u00fcn\u00fcm\u00fcz, kaliteli a\u011fa\u00e7 yongalar\u0131n\u0131n \u00fcst\u00fcn teknolojiyle birle\u015fmesi neticesinde \u00fcretilmektedir. Stabil y\u00fczey kalitesine <\/p>\n\n\n\n<p class=\"has-medium-font-size\">ve stabil yo\u011funlu\u011fa sahiptir. Kaliteli oldu\u011fundan Mobilya \u00fcreticilerinin dostudur.<\/p>\n\n\n\n<p class=\"has-nv-site-bg-color has-neve-link-color-background-color has-text-color has-background has-normal-font-size\"><strong>\u00d6L\u00c7\u00dc VE \u00d6ZELL\u0130KLER<\/strong><\/p>\n\n\n\n<div class=\"wp-block-themeisle-blocks-advanced-columns has-1-columns has-desktop-equal-layout has-tablet-equal-layout has-mobile-equal-layout has-default-gap has-vertical-center\" id=\"wp-block-themeisle-blocks-advanced-columns-d17ec3c7\"><div class=\"wp-block-themeisle-blocks-advanced-columns-overlay\"><\/div><div class=\"innerblocks-wrap\">\n<div class=\"wp-block-themeisle-blocks-advanced-column\" id=\"wp-block-themeisle-blocks-advanced-column-f5bda66a\">\n<div class=\"wp-block-columns are-vertically-aligned-center\">\n<div class=\"wp-block-column is-vertically-aligned-center\" style=\"flex-basis:100%\">\n<div class=\"pane\" style=\"display: block;\">\n        <div class=\"four columns\">\n\t\t\t\t<div class=\"imgAuto\"><img style=\"margin-left:30%\" src=\"http:\/\/www.teverpan.com.tr\/i\/assets\/images\/content\/suntalam01.jpg\"><\/div>\n\t\t\t<\/div>\n\t\t\t<div class=\"eight columns omega alpha\">\n\t\t\t\t<div class=\"table blockAuto blockAuto-1 tableTwo\">\n\t\t\t\t\t<table>\n\t\t\t\t\t\t<tbody>\n\t\t\t\t\t\t\t<\/tbody><thead>\n\t\t\t\t\t\t\t<tr style=\"background: #aaaa\">\n\t\t\t\t\t\t\t\t<th>Kal\u0131nl\u0131k (mm)<\/th>\n\t\t\t\t\t\t\t\t<th>Ebat (mm)<\/th>\n\t\t\t\t\t\t\t<\/tr>\n\t\t\t\t\t\t\t<\/thead>\n\t\t\t\t\t\t\t<tbody><tr style=\"background: rgb(255, 255, 255);\">\n\t\t\t\t\t\t\t\t<td style=\"background: none;\">8, 10, 12, 16, 18, 22, 25, 30<\/td>\n\t\t\t\t\t\t\t\t<td style=\"background: none;\">1830&#215;3660<\/td>\n\t\t\t\t\t\t\t<\/tr>\n\t\t\t\t\t\t<\/tbody>\n\t\t\t\t\t<\/table>\n\t\t\t\t<\/div>\n\t\t\t<\/div>\n\t\t<\/div>\n<\/div>\n<\/div>\n<\/div>\n<\/div><\/div>\n","protected":false},"excerpt":{"rendered":"<p>Yongalevga Yonga Levha YONGA LEVHA \u00fcr\u00fcn\u00fcm\u00fcz, kaliteli a\u011fa\u00e7 yongalar\u0131n\u0131n \u00fcst\u00fcn teknolojiyle birle\u015fmesi neticesinde \u00fcretilmektedir. Stabil y\u00fczey kalitesine ve stabil yo\u011funlu\u011fa sahiptir. Kaliteli oldu\u011fundan Mobilya \u00fcreticilerinin dostudur. \u00d6L\u00c7\u00dc VE \u00d6ZELL\u0130KLER<\/p>\n","protected":false},"author":1,"featured_media":0,"parent":0,"menu_order":0,"comment_status":"closed","ping_status":"closed","template":"","meta":{"neve_meta_sidebar":"full-width","neve_meta_container":"","neve_meta_enable_content_width":"on","neve_meta_content_width":100,"neve_meta_title_alignment":"","neve_meta_author_avatar":"","neve_post_elements_order":"","neve_meta_disable_header":"","neve_meta_disable_footer":"","neve_meta_disable_title":"","_ti_tpc_template_sync":false,"_ti_tpc_template_id":""},"_links":{"self":[{"href":"https:\/\/enderorman.com\/home\/wp-json\/wp\/v2\/pages\/687"}],"collection":[{"href":"https:\/\/enderorman.com\/home\/wp-json\/wp\/v2\/pages"}],"about":[{"href":"https:\/\/enderorman.com\/home\/wp-json\/wp\/v2\/types\/page"}],"author":[{"embeddable":true,"href":"https:\/\/enderorman.com\/home\/wp-json\/wp\/v2\/users\/1"}],"replies":[{"embeddable":true,"href":"https:\/\/enderorman.com\/home\/wp-json\/wp\/v2\/comments?post=687"}],"version-history":[{"count":2,"href":"https:\/\/enderorman.com\/home\/wp-json\/wp\/v2\/pages\/687\/revisions"}],"predecessor-version":[{"id":691,"href":"https:\/\/enderorman.com\/home\/wp-json\/wp\/v2\/pages\/687\/revisions\/691"}],"wp:attachment":[{"href":"https:\/\/enderorman.com\/home\/wp-json\/wp\/v2\/media?parent=687"}],"curies":[{"name":"wp","href":"https:\/\/api.w.org\/{rel}","templated":true}]}}