{"id":676,"date":"2021-06-27T15:20:57","date_gmt":"2021-06-27T12:20:57","guid":{"rendered":"https:\/\/enderorman.com\/home\/?page_id=676"},"modified":"2021-06-27T15:20:57","modified_gmt":"2021-06-27T12:20:57","slug":"676-2","status":"publish","type":"page","link":"https:\/\/enderorman.com\/home\/676-2\/","title":{"rendered":""},"content":{"rendered":"\n<section class=\"wp-block-themeisle-blocks-advanced-columns alignfull has-1-columns has-desktop-equal-layout has-tablet-equal-layout has-mobile-equal-layout has-nogap-gap has-vertical-unset has-vertical-undefined\" id=\"wp-block-themeisle-blocks-advanced-columns-923f722e\"><div class=\"wp-block-themeisle-blocks-advanced-columns-overlay\"><\/div><div class=\"innerblocks-wrap\">\n<div class=\"wp-block-themeisle-blocks-advanced-column\" id=\"wp-block-themeisle-blocks-advanced-column-2e4dcd0f\">\n<div class=\"wp-block-buttons is-content-justification-center\"><\/div>\n<\/div>\n<\/div><\/section>\n\n\n\n<p><\/p>\n\n\n\n<p><\/p>\n\n\n\n<h1><span class=\"has-inline-color has-neve-link-hover-color-color\">Yongalack<\/span><\/h1>\n\n\n\n<p class=\"has-medium-font-size\"><strong>Boyal\u0131 Yonga Levha<\/strong><\/p>\n\n\n\n<p class=\"has-medium-font-size\">Standart yo\u011funluktaki Yonga Levha \u00fczerine, boyama ve bask\u0131 teknolojisi kullan\u0131larak elde edilen, ah\u015fap dekorlu ve d\u00fcz renk boyal\u0131 bir<\/p>\n\n\n\n<p class=\"has-medium-font-size\">malzemedir.<\/p>\n\n\n\n<p><\/p>\n\n\n\n<p><\/p>\n\n\n\n<p class=\"has-medium-font-size\"><br>Mobilya \u00fcretimi ve dekorasyon i\u015flerinde; y\u00fczey direncinin \u00e7ok \u00f6nemli olmad\u0131\u011f\u0131, maliyet avantaj\u0131 sa\u011flayabilecek i\u015flerde kullan\u0131labilir.<\/p>\n\n\n\n<p class=\"has-nv-site-bg-color has-neve-link-color-background-color has-text-color has-background has-normal-font-size\"><strong>\u00d6L\u00c7\u00dc VE \u00d6ZELL\u0130KLER<\/strong><\/p>\n\n\n\n<div class=\"wp-block-themeisle-blocks-advanced-columns has-1-columns has-desktop-equal-layout has-tablet-equal-layout has-mobile-equal-layout has-default-gap has-vertical-center\" id=\"wp-block-themeisle-blocks-advanced-columns-9f454dce\"><div class=\"wp-block-themeisle-blocks-advanced-columns-overlay\"><\/div><div class=\"innerblocks-wrap\">\n<div class=\"wp-block-themeisle-blocks-advanced-column\" id=\"wp-block-themeisle-blocks-advanced-column-707cc4df\">\n<div class=\"wp-block-columns are-vertically-aligned-center\">\n<div class=\"wp-block-column is-vertically-aligned-center\" style=\"flex-basis:100%\">\n<div class=\"pane\" style=\"display: block;\">\n        <div class=\"four columns\">\n\t\t\t\t<div class=\"imgAuto\"><img style=\"margin-left:30%\" src=\"http:\/\/www.teverpan.com.tr\/i\/assets\/images\/content\/suntalam01.jpg\"><\/div>\n\t\t\t<\/div>\n\t\t\t<div class=\"eight columns omega alpha\">\n\t\t\t\t<div class=\"table blockAuto blockAuto-1 tableTwo\">\n\t\t\t\t\t<table>\n\t\t\t\t\t\t<tbody>\n\t\t\t\t\t\t\t<\/tbody><thead>\n\t\t\t\t\t\t\t<tr style=\"background: #aaaa\">\n\t\t\t\t\t\t\t\t<th>Kal\u0131nl\u0131k (mm)<\/th>\n\t\t\t\t\t\t\t\t<th>Ebat (mm)<\/th>\n\t\t\t\t\t\t\t<\/tr>\n\t\t\t\t\t\t\t<\/thead>\n\t\t\t\t\t\t\t<tbody><tr style=\"background: rgb(255, 255, 255);\">\n\t\t\t\t\t\t\t\t<td style=\"background: none;\"> 18 <\/td>\n\t\t\t\t\t\t\t\t<td style=\"background: none;\">1830&#215;3660<\/td>\n\t\t\t\t\t\t\t<\/tr>\n\t\t\t\t\t\t<\/tbody>\n\t\t\t\t\t<\/table>\n\t\t\t\t<\/div>\n\t\t\t<\/div>\n\t\t<\/div>\n<\/div>\n<\/div>\n<\/div>\n<\/div><\/div>\n\n\n\n<p class=\"has-nv-site-bg-color has-neve-link-color-background-color has-text-color has-background has-normal-font-size\"><strong>RENK KARTELASI<\/strong><\/p>\n\n\n\n<div class=\"wp-block-columns has-nv-site-bg-color has-pale-ocean-gradient-background has-text-color has-background\">\n<div class=\"wp-block-column\" style=\"flex-basis:25%\">\n<div class=\"wp-block-group\"><div class=\"wp-block-group__inner-container\">\n<figure class=\"wp-block-image size-large is-resized\"><img loading=\"lazy\" src=\"http:\/\/teverpan.com.tr\/i\/content\/252_1_wenge_b.jpg\" alt=\"\" width=\"252\" height=\"236\"\/><figcaption><strong><span class=\"has-inline-color has-neve-text-color-color\">WANGE<\/span><\/strong><\/figcaption><\/figure>\n\n\n\n<p><\/p>\n<\/div><\/div>\n<\/div>\n\n\n\n<div class=\"wp-block-column is-vertically-aligned-top\" style=\"flex-basis:25%\">\n<figure class=\"wp-block-image size-large is-resized\"><img loading=\"lazy\" src=\"http:\/\/www.teverpan.com.tr\/i\/content\/265_1_modernak_b.jpg\" alt=\"\" width=\"252\" height=\"236\"\/><figcaption><strong><span class=\"has-inline-color has-neve-text-color-color\">MODERN AK\u00c7AA\u011eA\u00c7<\/span><\/strong><\/figcaption><\/figure>\n<\/div>\n\n\n\n<div class=\"wp-block-column\" style=\"flex-basis:25%\">\n<figure class=\"wp-block-image size-large\"><img src=\"http:\/\/teverpan.com.tr\/i\/content\/254_1_milanoCeviz.jpg\" alt=\"\"\/><figcaption><strong><span class=\"has-inline-color has-neve-text-color-color\">M\u0130LANO CEV\u0130Z<\/span><\/strong><\/figcaption><\/figure>\n<\/div>\n\n\n\n<div class=\"wp-block-column\" style=\"flex-basis:25%\">\n<figure class=\"wp-block-image size-large is-resized\"><img loading=\"lazy\" src=\"http:\/\/teverpan.com.tr\/i\/content\/3338_1_siena_b.jpg\" alt=\"\" width=\"256\" height=\"240\"\/><figcaption><strong><span class=\"has-inline-color has-neve-text-color-color\">S\u0130ENA<\/span><\/strong><\/figcaption><\/figure>\n<\/div>\n<\/div>\n\n\n\n<div class=\"wp-block-columns has-nv-site-bg-color has-pale-ocean-gradient-background has-text-color has-background\">\n<div class=\"wp-block-column\" style=\"flex-basis:25%\">\n<div class=\"wp-block-group\"><div class=\"wp-block-group__inner-container\">\n<figure class=\"wp-block-image size-large is-resized\"><img loading=\"lazy\" src=\"http:\/\/www.teverpan.com.tr\/i\/content\/3460_1_napoli%20kiraz_b.jpg\" alt=\"\" width=\"252\" height=\"236\"\/><figcaption><strong><span class=\"has-inline-color has-neve-text-color-color\">MAD\u0130SON K\u0130RAZ<\/span><\/strong><\/figcaption><\/figure>\n\n\n\n<p><\/p>\n<\/div><\/div>\n<\/div>\n\n\n\n<div class=\"wp-block-column is-vertically-aligned-top\" style=\"flex-basis:25%\">\n<figure class=\"wp-block-image size-large\"><img src=\"http:\/\/www.teverpan.com.tr\/i\/content\/5162_1_acik_safir_b.jpg\" alt=\"\"\/><figcaption><strong><span class=\"has-inline-color has-neve-text-color-color\">A\u00c7IK SAF\u0130R<\/span><\/strong><\/figcaption><\/figure>\n<\/div>\n\n\n\n<div class=\"wp-block-column\" style=\"flex-basis:25%\">\n<figure class=\"wp-block-image size-large\"><img src=\"http:\/\/www.teverpan.com.tr\/i\/content\/3458_1_kayra_b.jpg\" alt=\"\"\/><figcaption><strong><span class=\"has-inline-color has-neve-text-color-color\">KAYRA<\/span><\/strong><\/figcaption><\/figure>\n<\/div>\n\n\n\n<div class=\"wp-block-column\" style=\"flex-basis:25%\">\n<figure class=\"wp-block-image size-large is-resized\"><img loading=\"lazy\" src=\"http:\/\/www.teverpan.com.tr\/i\/content\/5160_1_yenice_mese_b.jpg\" alt=\"\" width=\"256\" height=\"240\"\/><figcaption><strong><span class=\"has-inline-color has-neve-text-color-color\">YEN\u0130CE ME\u015eE<\/span><\/strong><\/figcaption><\/figure>\n<\/div>\n<\/div>\n\n\n\n<div class=\"wp-block-columns has-nv-site-bg-color has-pale-ocean-gradient-background has-text-color has-background\">\n<div class=\"wp-block-column\" style=\"flex-basis:25%\">\n<div class=\"wp-block-group\"><div class=\"wp-block-group__inner-container\">\n<figure class=\"wp-block-image size-large is-resized\"><img loading=\"lazy\" src=\"http:\/\/www.teverpan.com.tr\/i\/content\/3463_1_andorra_mese_buyuk.jpg\" alt=\"\" width=\"252\" height=\"236\"\/><figcaption><strong><span class=\"has-inline-color has-neve-text-color-color\">ANDORRA ME\u015eE<\/span><\/strong><\/figcaption><\/figure>\n\n\n\n<p><\/p>\n<\/div><\/div>\n<\/div>\n\n\n\n<div class=\"wp-block-column is-vertically-aligned-top\" style=\"flex-basis:25%\">\n<figure class=\"wp-block-image size-large\"><img src=\"http:\/\/www.teverpan.com.tr\/i\/content\/263_1_1010B.jpg\" alt=\"\"\/><figcaption><strong><span class=\"has-inline-color has-neve-text-color-color\">ARMUT<\/span><\/strong><\/figcaption><\/figure>\n<\/div>\n\n\n\n<div class=\"wp-block-column\" style=\"flex-basis:25%\">\n<figure class=\"wp-block-image size-large\"><img src=\"http:\/\/www.teverpan.com.tr\/i\/content\/264_1_yenikayink.jpg\" alt=\"\"\/><figcaption><strong><span class=\"has-inline-color has-neve-text-color-color\">YEN\u0130 KAYIN<\/span><\/strong><\/figcaption><\/figure>\n<\/div>\n\n\n\n<div class=\"wp-block-column\" style=\"flex-basis:25%\">\n<figure class=\"wp-block-image size-large is-resized\"><img loading=\"lazy\" src=\"http:\/\/www.teverpan.com.tr\/i\/content\/5161_1_koton_b.jpg\" alt=\"\" width=\"256\" height=\"240\"\/><figcaption><strong><span class=\"has-inline-color has-neve-text-color-color\">KOTON<\/span><\/strong><\/figcaption><\/figure>\n<\/div>\n<\/div>\n\n\n\n<div class=\"wp-block-columns has-nv-site-bg-color has-pale-ocean-gradient-background has-text-color has-background\">\n<div class=\"wp-block-column\" style=\"flex-basis:25%\">\n<div class=\"wp-block-group\"><div class=\"wp-block-group__inner-container\">\n<figure class=\"wp-block-image size-large is-resized\"><img loading=\"lazy\" src=\"http:\/\/www.teverpan.com.tr\/i\/content\/5164_1_teksilbej_b.jpg\" alt=\"\" width=\"252\" height=\"236\"\/><figcaption><strong><span class=\"has-inline-color has-neve-text-color-color\">TEKST\u0130L BEJ<\/span><\/strong><\/figcaption><\/figure>\n\n\n\n<p><\/p>\n<\/div><\/div>\n<\/div>\n\n\n\n<div class=\"wp-block-column is-vertically-aligned-top\" style=\"flex-basis:25%\">\n<figure class=\"wp-block-image size-large is-resized\"><img loading=\"lazy\" src=\"http:\/\/www.teverpan.com.tr\/i\/content\/268_1_YeniKrem.jpg\" alt=\"\" width=\"219\" height=\"239\"\/><figcaption><strong><span class=\"has-inline-color has-neve-text-color-color\">KREM<\/span><\/strong><\/figcaption><\/figure>\n<\/div>\n\n\n\n<div class=\"wp-block-column\" style=\"flex-basis:25%\">\n<figure class=\"wp-block-image size-large is-resized\"><img loading=\"lazy\" src=\"http:\/\/www.teverpan.com.tr\/i\/content\/5165_1_beyaz_b.jpg\" alt=\"\" width=\"218\" height=\"238\"\/><figcaption><strong><span class=\"has-inline-color has-neve-text-color-color\">BEYAZ<\/span><\/strong><\/figcaption><\/figure>\n<\/div>\n\n\n\n<div class=\"wp-block-column\" style=\"flex-basis:25%\">\n<figure class=\"wp-block-image size-large is-resized\"><img loading=\"lazy\" src=\"http:\/\/www.teverpan.com.tr\/i\/content\/266_1_gumus.jpg\" alt=\"\" width=\"256\" height=\"240\"\/><figcaption><strong><span class=\"has-inline-color has-neve-text-color-color\">G\u00dcM\u00dc\u015e<\/span><\/strong><\/figcaption><\/figure>\n<\/div>\n<\/div>\n\n\n\n<div class=\"wp-block-columns\">\n<div class=\"wp-block-column\" style=\"flex-basis:100%\">\n<div class=\"wp-block-group\"><div class=\"wp-block-group__inner-container\">\n<div class=\"wp-block-columns has-nv-site-bg-color has-pale-ocean-gradient-background has-text-color has-background\">\n<div class=\"wp-block-column\" style=\"flex-basis:100%\">\n<div class=\"wp-block-group\"><div class=\"wp-block-group__inner-container\">\n<figure class=\"wp-block-image size-large is-resized\"><img loading=\"lazy\" src=\"http:\/\/teverpan.com.tr\/i\/content\/261_1_Siyah.jpg\" alt=\"\" width=\"224\" height=\"210\"\/><figcaption><strong><span class=\"has-inline-color has-neve-text-color-color\">0135 S\u0130YAH<\/span><\/strong><\/figcaption><\/figure>\n\n\n\n<p><\/p>\n<\/div><\/div>\n<\/div>\n<\/div>\n<\/div><\/div>\n<\/div>\n<\/div>\n\n\n\n<p><\/p>\n","protected":false},"excerpt":{"rendered":"<p>Yongalack Boyal\u0131 Yonga Levha Standart yo\u011funluktaki Yonga Levha \u00fczerine, boyama ve bask\u0131 teknolojisi kullan\u0131larak elde edilen, ah\u015fap dekorlu ve d\u00fcz renk boyal\u0131 bir malzemedir. Mobilya \u00fcretimi ve dekorasyon i\u015flerinde; y\u00fczey direncinin \u00e7ok \u00f6nemli olmad\u0131\u011f\u0131, maliyet avantaj\u0131 sa\u011flayabilecek i\u015flerde kullan\u0131labilir. \u00d6L\u00c7\u00dc VE \u00d6ZELL\u0130KLER RENK KARTELASI<\/p>\n","protected":false},"author":1,"featured_media":0,"parent":0,"menu_order":0,"comment_status":"closed","ping_status":"closed","template":"","meta":{"neve_meta_sidebar":"full-width","neve_meta_container":"","neve_meta_enable_content_width":"on","neve_meta_content_width":100,"neve_meta_title_alignment":"","neve_meta_author_avatar":"","neve_post_elements_order":"","neve_meta_disable_header":"","neve_meta_disable_footer":"","neve_meta_disable_title":"","_ti_tpc_template_sync":false,"_ti_tpc_template_id":""},"_links":{"self":[{"href":"https:\/\/enderorman.com\/home\/wp-json\/wp\/v2\/pages\/676"}],"collection":[{"href":"https:\/\/enderorman.com\/home\/wp-json\/wp\/v2\/pages"}],"about":[{"href":"https:\/\/enderorman.com\/home\/wp-json\/wp\/v2\/types\/page"}],"author":[{"embeddable":true,"href":"https:\/\/enderorman.com\/home\/wp-json\/wp\/v2\/users\/1"}],"replies":[{"embeddable":true,"href":"https:\/\/enderorman.com\/home\/wp-json\/wp\/v2\/comments?post=676"}],"version-history":[{"count":6,"href":"https:\/\/enderorman.com\/home\/wp-json\/wp\/v2\/pages\/676\/revisions"}],"predecessor-version":[{"id":684,"href":"https:\/\/enderorman.com\/home\/wp-json\/wp\/v2\/pages\/676\/revisions\/684"}],"wp:attachment":[{"href":"https:\/\/enderorman.com\/home\/wp-json\/wp\/v2\/media?parent=676"}],"curies":[{"name":"wp","href":"https:\/\/api.w.org\/{rel}","templated":true}]}}