{"id":661,"date":"2021-06-23T19:12:28","date_gmt":"2021-06-23T16:12:28","guid":{"rendered":"https:\/\/enderorman.com\/home\/?page_id=661"},"modified":"2021-06-23T19:12:28","modified_gmt":"2021-06-23T16:12:28","slug":"661-2","status":"publish","type":"page","link":"https:\/\/enderorman.com\/home\/661-2\/","title":{"rendered":""},"content":{"rendered":"\n<section class=\"wp-block-themeisle-blocks-advanced-columns alignfull has-1-columns has-desktop-equal-layout has-tablet-equal-layout has-mobile-equal-layout has-nogap-gap has-vertical-unset has-vertical-undefined\" id=\"wp-block-themeisle-blocks-advanced-columns-923f722e\"><div class=\"wp-block-themeisle-blocks-advanced-columns-overlay\"><\/div><div class=\"innerblocks-wrap\">\n<div class=\"wp-block-themeisle-blocks-advanced-column\" id=\"wp-block-themeisle-blocks-advanced-column-2e4dcd0f\">\n<div class=\"wp-block-buttons is-content-justification-center\"><\/div>\n<\/div>\n<\/div><\/section>\n\n\n\n<p><\/p>\n\n\n\n<p><\/p>\n\n\n\n<h1><span class=\"has-inline-color has-neve-link-hover-color-color\">Medelack<\/span><\/h1>\n\n\n\n<p class=\"has-medium-font-size\"><strong>Boyal\u0131 MDF<\/strong><\/p>\n\n\n\n<p class=\"has-medium-font-size\">MEDELACK (Boyal\u0131 Mdf) \u00fcr\u00fcnlerimizde, matbaa mant\u0131\u011f\u0131yla \u00e7al\u0131\u015fan, en son boyama ve bask\u0131 teknolojisi kullan\u0131lmaktad\u0131r. Zengin ah\u015fap<\/p>\n\n\n\n<p class=\"has-medium-font-size\"> dekor silindirleri ve \u00e7e\u015fitli boyalar kullan\u0131larak, MDF levhalar\u0131n \u00fczerine tatbiki sonucunda elde edilir.<\/p>\n\n\n\n<p><\/p>\n\n\n\n<p><\/p>\n\n\n\n<p class=\"has-medium-font-size\">M\u00fckemmel kaliteye sahip olan MEDELACK \u00fcr\u00fcnlerimiz, moday\u0131 yans\u0131tan d\u00fcz renk ve dekorlardan olu\u015fur.\u0130nce mm MEDELACK\u2019lar <\/p>\n\n\n\n<p class=\"has-medium-font-size\">dolap arkal\u0131klar\u0131nda, \u00e7ekmece i\u00e7i ve kap\u0131 y\u00fczeylerinde kullan\u0131lmaktad\u0131r. Kal\u0131n mm MEDELACK&#8217;lar ise dolap i\u00e7 g\u00f6vdelerinde, \u00e7ekyat ve <\/p>\n\n\n\n<p class=\"has-medium-font-size\">yatak bazalar\u0131nda kullan\u0131labilir.<\/p>\n\n\n\n<p class=\"has-nv-site-bg-color has-neve-link-color-background-color has-text-color has-background has-normal-font-size\"><strong>\u00d6L\u00c7\u00dc VE \u00d6ZELL\u0130KLER<\/strong><\/p>\n\n\n\n<div class=\"wp-block-themeisle-blocks-advanced-columns has-1-columns has-desktop-equal-layout has-tablet-equal-layout has-mobile-equal-layout has-default-gap has-vertical-center\" id=\"wp-block-themeisle-blocks-advanced-columns-9f454dce\"><div class=\"wp-block-themeisle-blocks-advanced-columns-overlay\"><\/div><div class=\"innerblocks-wrap\">\n<div class=\"wp-block-themeisle-blocks-advanced-column\" id=\"wp-block-themeisle-blocks-advanced-column-707cc4df\">\n<div class=\"wp-block-columns are-vertically-aligned-center\">\n<div class=\"wp-block-column is-vertically-aligned-center\" style=\"flex-basis:100%\">\n<div class=\"pane\" style=\"display: block;\">\n        <div class=\"four columns\">\n\t\t\t\t<div class=\"imgAuto\"><img style=\"margin-left:30%\" src=\"http:\/\/teverpan.com.tr\/i\/assets\/images\/content\/bosince.jpg\"><\/div>\n\t\t\t<\/div>\n\t\t\t<div class=\"eight columns omega alpha\">\n\t\t\t\t<div class=\"table blockAuto blockAuto-1 tableTwo\">\n\t\t\t\t\t<table>\n\t\t\t\t\t\t<tbody>\n\t\t\t\t\t\t\t<\/tbody><thead>\n\t\t\t\t\t\t\t<tr style=\"background: #aaaa\">\n\t\t\t\t\t\t\t\t<th>Kal\u0131nl\u0131k (mm)<\/th>\n\t\t\t\t\t\t\t\t<th>Geni\u015flik (mm)<\/th>\n\t\t\t\t\t\t\t\t<th>Uzunluk (mm)<\/th>\n\t\t\t\t\t\t\t<\/tr>\n\t\t\t\t\t\t\t<\/thead>\n\t\t\t\t\t\t\t<tbody><tr style=\"background: rgb(255, 255, 255);\">\n\t\t\t\t\t\t\t\t<td style=\"background: none;\">2, 2.5, 2.7, 3, 4, 5, 6, 8, 10, 12, 14, 16, 18 <\/td>\n\t\t\t\t\t\t\t\t<td style=\"background: none;\">2100, 1830&nbsp;<\/td><td style=\"background: none;\">1700, 2100, 2440, 2800, 3660<\/td>\n\t\t\t\t\t\t\t<\/tr>\n\t\t\t\t\t\t<\/tbody>\n\t\t\t\t\t<\/table>\n\t\t\t\t<\/div>\n\t\t\t<\/div>\n\t\t<\/div>\n<\/div>\n<\/div>\n<\/div>\n<\/div><\/div>\n\n\n\n<p class=\"has-nv-site-bg-color has-neve-link-color-background-color has-text-color has-background has-normal-font-size\"><strong>RENK KARTELASI<\/strong><\/p>\n\n\n\n<div class=\"wp-block-columns has-nv-site-bg-color has-pale-ocean-gradient-background has-text-color has-background\">\n<div class=\"wp-block-column\" style=\"flex-basis:25%\">\n<div class=\"wp-block-group\"><div class=\"wp-block-group__inner-container\">\n<figure class=\"wp-block-image size-large is-resized\"><img loading=\"lazy\" src=\"http:\/\/teverpan.com.tr\/i\/content\/252_1_wenge_b.jpg\" alt=\"\" width=\"252\" height=\"236\"\/><figcaption><strong><span class=\"has-inline-color has-neve-text-color-color\">WANGE<\/span><\/strong><\/figcaption><\/figure>\n\n\n\n<p><\/p>\n<\/div><\/div>\n<\/div>\n\n\n\n<div class=\"wp-block-column is-vertically-aligned-top\" style=\"flex-basis:25%\">\n<figure class=\"wp-block-image size-large\"><img src=\"http:\/\/teverpan.com.tr\/i\/content\/255_1_amerikanceviz_b.jpg\" alt=\"\"\/><figcaption><strong><span class=\"has-inline-color has-neve-text-color-color\">AMER\u0130KAN CEV\u0130Z<\/span><\/strong><\/figcaption><\/figure>\n<\/div>\n\n\n\n<div class=\"wp-block-column\" style=\"flex-basis:25%\">\n<figure class=\"wp-block-image size-large\"><img src=\"http:\/\/teverpan.com.tr\/i\/content\/254_1_milanoCeviz.jpg\" alt=\"\"\/><figcaption><strong><span class=\"has-inline-color has-neve-text-color-color\">M\u0130LANO CEV\u0130Z<\/span><\/strong><\/figcaption><\/figure>\n<\/div>\n\n\n\n<div class=\"wp-block-column\" style=\"flex-basis:25%\">\n<figure class=\"wp-block-image size-large is-resized\"><img loading=\"lazy\" src=\"http:\/\/teverpan.com.tr\/i\/content\/3338_1_siena_b.jpg\" alt=\"\" width=\"256\" height=\"240\"\/><figcaption><strong><span class=\"has-inline-color has-neve-text-color-color\">S\u0130ENA<\/span><\/strong><\/figcaption><\/figure>\n<\/div>\n<\/div>\n\n\n\n<div class=\"wp-block-columns has-nv-site-bg-color has-pale-ocean-gradient-background has-text-color has-background\">\n<div class=\"wp-block-column\" style=\"flex-basis:25%\">\n<div class=\"wp-block-group\"><div class=\"wp-block-group__inner-container\">\n<figure class=\"wp-block-image size-large is-resized\"><img loading=\"lazy\" src=\"http:\/\/teverpan.com.tr\/i\/content\/259_1_modernak_b.jpg\" alt=\"\" width=\"252\" height=\"236\"\/><figcaption><strong><span class=\"has-inline-color has-neve-text-color-color\">MODERN AK\u00c7AA\u011eA\u00c7<\/span><\/strong><\/figcaption><\/figure>\n\n\n\n<p><\/p>\n<\/div><\/div>\n<\/div>\n\n\n\n<div class=\"wp-block-column is-vertically-aligned-top\" style=\"flex-basis:25%\">\n<figure class=\"wp-block-image size-large\"><img src=\"http:\/\/teverpan.com.tr\/i\/content\/249_1_armoniKiraz_b.jpg\" alt=\"\"\/><figcaption><strong><span class=\"has-inline-color has-neve-text-color-color\">ARMON\u0130 K\u0130RAZ<\/span><\/strong><\/figcaption><\/figure>\n<\/div>\n\n\n\n<div class=\"wp-block-column\" style=\"flex-basis:25%\">\n<figure class=\"wp-block-image size-large\"><img src=\"http:\/\/teverpan.com.tr\/i\/content\/248_1_madisonkiraz_b.jpg\" alt=\"\"\/><figcaption><strong><span class=\"has-inline-color has-neve-text-color-color\">MAD\u0130SON K\u0130RAZ<\/span><\/strong><\/figcaption><\/figure>\n<\/div>\n\n\n\n<div class=\"wp-block-column\" style=\"flex-basis:25%\">\n<figure class=\"wp-block-image size-large is-resized\"><img loading=\"lazy\" src=\"http:\/\/teverpan.com.tr\/i\/content\/3336_1_acik_safir_b.jpg\" alt=\"\" width=\"256\" height=\"240\"\/><figcaption><strong><span class=\"has-inline-color has-neve-text-color-color\">A\u00c7IK SAF\u0130R<\/span><\/strong><\/figcaption><\/figure>\n<\/div>\n<\/div>\n\n\n\n<div class=\"wp-block-columns has-nv-site-bg-color has-pale-ocean-gradient-background has-text-color has-background\">\n<div class=\"wp-block-column\" style=\"flex-basis:25%\">\n<div class=\"wp-block-group\"><div class=\"wp-block-group__inner-container\">\n<figure class=\"wp-block-image size-large is-resized\"><img loading=\"lazy\" src=\"http:\/\/teverpan.com.tr\/i\/content\/251_1_eurokiraz_b.jpg\" alt=\"\" width=\"252\" height=\"236\"\/><figcaption><strong><span class=\"has-inline-color has-neve-text-color-color\">EURO K\u0130RAZ<\/span><\/strong><\/figcaption><\/figure>\n\n\n\n<p><\/p>\n<\/div><\/div>\n<\/div>\n\n\n\n<div class=\"wp-block-column is-vertically-aligned-top\" style=\"flex-basis:25%\">\n<figure class=\"wp-block-image size-large\"><img src=\"http:\/\/teverpan.com.tr\/i\/content\/256_1_kayra_b.jpg\" alt=\"\"\/><figcaption><strong><span class=\"has-inline-color has-neve-text-color-color\">KAYRA<\/span><\/strong><\/figcaption><\/figure>\n<\/div>\n\n\n\n<div class=\"wp-block-column\" style=\"flex-basis:25%\">\n<figure class=\"wp-block-image size-large\"><img src=\"http:\/\/teverpan.com.tr\/i\/content\/5158_1_yenice_mese_b.jpg\" alt=\"\"\/><figcaption><strong><span class=\"has-inline-color has-neve-text-color-color\">YEN\u0130CE ME\u015eE<\/span><\/strong><\/figcaption><\/figure>\n<\/div>\n\n\n\n<div class=\"wp-block-column\" style=\"flex-basis:25%\">\n<figure class=\"wp-block-image size-large is-resized\"><img loading=\"lazy\" src=\"http:\/\/teverpan.com.tr\/i\/content\/253_1_andoraMese_b.jpg\" alt=\"\" width=\"256\" height=\"240\"\/><figcaption><strong><span class=\"has-inline-color has-neve-text-color-color\">ANDORRA ME\u015eE<\/span><\/strong><\/figcaption><\/figure>\n<\/div>\n<\/div>\n\n\n\n<div class=\"wp-block-columns has-nv-site-bg-color has-pale-ocean-gradient-background has-text-color has-background\">\n<div class=\"wp-block-column\" style=\"flex-basis:25%\">\n<div class=\"wp-block-group\"><div class=\"wp-block-group__inner-container\">\n<figure class=\"wp-block-image size-large is-resized\"><img loading=\"lazy\" src=\"http:\/\/teverpan.com.tr\/i\/content\/257_1_1010B.jpg\" alt=\"\" width=\"252\" height=\"236\"\/><figcaption><strong><span class=\"has-inline-color has-neve-text-color-color\">ARMUT<\/span><\/strong><\/figcaption><\/figure>\n\n\n\n<p><\/p>\n<\/div><\/div>\n<\/div>\n\n\n\n<div class=\"wp-block-column is-vertically-aligned-top\" style=\"flex-basis:25%\">\n<figure class=\"wp-block-image size-large\"><img src=\"http:\/\/teverpan.com.tr\/i\/content\/258_1_yenikayink.jpg\" alt=\"\"\/><figcaption><strong><span class=\"has-inline-color has-neve-text-color-color\">YEN\u0130 KAYIN<\/span><\/strong><\/figcaption><\/figure>\n<\/div>\n\n\n\n<div class=\"wp-block-column\" style=\"flex-basis:25%\">\n<figure class=\"wp-block-image size-large\"><img src=\"http:\/\/teverpan.com.tr\/i\/content\/5159_1_koton_b.jpg\" alt=\"\"\/><figcaption><strong><span class=\"has-inline-color has-neve-text-color-color\">KOTON<\/span><\/strong><\/figcaption><\/figure>\n<\/div>\n\n\n\n<div class=\"wp-block-column\" style=\"flex-basis:25%\">\n<figure class=\"wp-block-image size-large is-resized\"><img loading=\"lazy\" src=\"http:\/\/teverpan.com.tr\/i\/content\/5144_1_teksilbej_b.jpg\" alt=\"\" width=\"256\" height=\"240\"\/><figcaption><strong><span class=\"has-inline-color has-neve-text-color-color\">TEKST\u0130L BEJ<\/span><\/strong><\/figcaption><\/figure>\n<\/div>\n<\/div>\n\n\n\n<div class=\"wp-block-columns has-nv-site-bg-color has-pale-ocean-gradient-background has-text-color has-background\">\n<div class=\"wp-block-column\" style=\"flex-basis:25%\">\n<div class=\"wp-block-group\"><div class=\"wp-block-group__inner-container\">\n<figure class=\"wp-block-image size-large is-resized\"><img loading=\"lazy\" src=\"http:\/\/teverpan.com.tr\/i\/content\/262_1_YeniKrem.jpg\" alt=\"\" width=\"252\" height=\"236\"\/><figcaption><strong><span class=\"has-inline-color has-neve-text-color-color\">KREM<\/span><\/strong><\/figcaption><\/figure>\n\n\n\n<p><\/p>\n<\/div><\/div>\n<\/div>\n\n\n\n<div class=\"wp-block-column is-vertically-aligned-top\" style=\"flex-basis:25%\">\n<figure class=\"wp-block-image size-large is-resized\"><img loading=\"lazy\" src=\"http:\/\/teverpan.com.tr\/i\/content\/5326_1_BALIKSIRTI_b.jpg\" alt=\"\" width=\"251\" height=\"235\"\/><figcaption><strong><span class=\"has-inline-color has-neve-text-color-color\">BALIKSIRTI<\/span><\/strong><\/figcaption><\/figure>\n<\/div>\n\n\n\n<div class=\"wp-block-column\" style=\"flex-basis:25%\">\n<figure class=\"wp-block-image size-large is-resized\"><img loading=\"lazy\" src=\"http:\/\/teverpan.com.tr\/i\/content\/250_1_beyaz.jpg\" alt=\"\" width=\"247\" height=\"269\"\/><figcaption><strong><span class=\"has-inline-color has-neve-text-color-color\">BEYAZ<\/span><\/strong><\/figcaption><\/figure>\n<\/div>\n\n\n\n<div class=\"wp-block-column\" style=\"flex-basis:25%\">\n<figure class=\"wp-block-image size-large is-resized\"><img loading=\"lazy\" src=\"http:\/\/teverpan.com.tr\/i\/content\/260_1_Gumus.jpg\" alt=\"\" width=\"256\" height=\"240\"\/><figcaption><strong><span class=\"has-inline-color has-neve-text-color-color\">G\u00dcM\u00dc\u015e<\/span><\/strong><\/figcaption><\/figure>\n<\/div>\n<\/div>\n\n\n\n<div class=\"wp-block-columns\">\n<div class=\"wp-block-column\" style=\"flex-basis:100%\">\n<div class=\"wp-block-group\"><div class=\"wp-block-group__inner-container\">\n<div class=\"wp-block-columns has-nv-site-bg-color has-pale-ocean-gradient-background has-text-color has-background\">\n<div class=\"wp-block-column\" style=\"flex-basis:100%\">\n<div class=\"wp-block-group\"><div class=\"wp-block-group__inner-container\">\n<figure class=\"wp-block-image size-large is-resized\"><img loading=\"lazy\" src=\"http:\/\/teverpan.com.tr\/i\/content\/261_1_Siyah.jpg\" alt=\"\" width=\"224\" height=\"210\"\/><figcaption><strong><span class=\"has-inline-color has-neve-text-color-color\">S\u0130YAH<\/span><\/strong><\/figcaption><\/figure>\n\n\n\n<p><\/p>\n<\/div><\/div>\n<\/div>\n<\/div>\n<\/div><\/div>\n<\/div>\n<\/div>\n\n\n\n<p><\/p>\n","protected":false},"excerpt":{"rendered":"<p>Medelack Boyal\u0131 MDF MEDELACK (Boyal\u0131 Mdf) \u00fcr\u00fcnlerimizde, matbaa mant\u0131\u011f\u0131yla \u00e7al\u0131\u015fan, en son boyama ve bask\u0131 teknolojisi kullan\u0131lmaktad\u0131r. Zengin ah\u015fap dekor silindirleri ve \u00e7e\u015fitli boyalar kullan\u0131larak, MDF levhalar\u0131n \u00fczerine tatbiki sonucunda elde edilir. M\u00fckemmel kaliteye sahip olan MEDELACK \u00fcr\u00fcnlerimiz, moday\u0131 yans\u0131tan d\u00fcz renk ve dekorlardan olu\u015fur.\u0130nce mm MEDELACK\u2019lar dolap arkal\u0131klar\u0131nda, \u00e7ekmece i\u00e7i ve kap\u0131 y\u00fczeylerinde kullan\u0131lmaktad\u0131r.&hellip;&nbsp;<a href=\"https:\/\/enderorman.com\/home\/661-2\/\" class=\"\" rel=\"bookmark\">Daha fazlas\u0131n\u0131 oku &raquo;<span class=\"screen-reader-text\"><\/span><\/a><\/p>\n","protected":false},"author":1,"featured_media":0,"parent":0,"menu_order":0,"comment_status":"closed","ping_status":"closed","template":"","meta":{"neve_meta_sidebar":"full-width","neve_meta_container":"","neve_meta_enable_content_width":"on","neve_meta_content_width":100,"neve_meta_title_alignment":"","neve_meta_author_avatar":"","neve_post_elements_order":"","neve_meta_disable_header":"","neve_meta_disable_footer":"","neve_meta_disable_title":"","_ti_tpc_template_sync":false,"_ti_tpc_template_id":""},"_links":{"self":[{"href":"https:\/\/enderorman.com\/home\/wp-json\/wp\/v2\/pages\/661"}],"collection":[{"href":"https:\/\/enderorman.com\/home\/wp-json\/wp\/v2\/pages"}],"about":[{"href":"https:\/\/enderorman.com\/home\/wp-json\/wp\/v2\/types\/page"}],"author":[{"embeddable":true,"href":"https:\/\/enderorman.com\/home\/wp-json\/wp\/v2\/users\/1"}],"replies":[{"embeddable":true,"href":"https:\/\/enderorman.com\/home\/wp-json\/wp\/v2\/comments?post=661"}],"version-history":[{"count":5,"href":"https:\/\/enderorman.com\/home\/wp-json\/wp\/v2\/pages\/661\/revisions"}],"predecessor-version":[{"id":669,"href":"https:\/\/enderorman.com\/home\/wp-json\/wp\/v2\/pages\/661\/revisions\/669"}],"wp:attachment":[{"href":"https:\/\/enderorman.com\/home\/wp-json\/wp\/v2\/media?parent=661"}],"curies":[{"name":"wp","href":"https:\/\/api.w.org\/{rel}","templated":true}]}}