{"id":613,"date":"2021-06-23T18:09:24","date_gmt":"2021-06-23T15:09:24","guid":{"rendered":"https:\/\/enderorman.com\/home\/?page_id=613"},"modified":"2021-06-23T18:09:24","modified_gmt":"2021-06-23T15:09:24","slug":"613-2","status":"publish","type":"page","link":"https:\/\/enderorman.com\/home\/613-2\/","title":{"rendered":""},"content":{"rendered":"\n<section class=\"wp-block-themeisle-blocks-advanced-columns alignfull has-1-columns has-desktop-equal-layout has-tablet-equal-layout has-mobile-equal-layout has-nogap-gap has-vertical-unset has-vertical-undefined\" id=\"wp-block-themeisle-blocks-advanced-columns-923f722e\"><div class=\"wp-block-themeisle-blocks-advanced-columns-overlay\"><\/div><div class=\"innerblocks-wrap\">\n<div class=\"wp-block-themeisle-blocks-advanced-column\" id=\"wp-block-themeisle-blocks-advanced-column-2e4dcd0f\">\n<div class=\"wp-block-buttons is-content-justification-center\"><\/div>\n<\/div>\n<\/div><\/section>\n\n\n\n<p><\/p>\n\n\n\n<p><\/p>\n\n\n\n<h1><span class=\"has-inline-color has-neve-link-hover-color-color\">Supergloss<\/span><\/h1>\n\n\n\n<p class=\"has-medium-font-size\"><strong>UV Lack Uygulanm\u0131\u015f MDFLAM \/ SUNTALAM<\/strong><\/p>\n\n\n\n<p class=\"has-medium-font-size\">SUPERGLOSS; MDF veya yonga levhan\u0131n y\u00fczeyine tutkal ve UV lak uygulanmas\u0131 sonucunda elde edilen dekoratif parlak y\u00fczeyli ah\u015fap<\/p>\n\n\n\n<p class=\"has-medium-font-size\"> panellerdir. \u00c7izilme ve a\u015f\u0131nmaya diren\u00e7li, di\u011fer parlak y\u00fczeylere g\u00f6re daha sert bir y\u00fczeye sahiptir. Ayr\u0131ca UV \u0131\u015f\u0131nlar\u0131yla sertle\u015fen \u00fcst <\/p>\n\n\n\n<p class=\"has-medium-font-size\">tabaka, g\u00fcne\u015f \u0131\u015f\u0131\u011f\u0131 taraf\u0131ndan solmaya ve kimyasallara kar\u015f\u0131 dayan\u0131ml\u0131d\u0131r. Bu sayede \u00a0 m\u00fckemmel \u00a0bir \u00a0ayna \u00a0parlakl\u0131\u011f\u0131 elde edilir.\u00a0<\/p>\n\n\n\n<p class=\"has-medium-font-size\">SUPERGLOSS \u00a0a\u015f\u0131nmaya, darbeye ve \u00e7izilmeye dayan\u0131kl\u0131 Supergloss parlak levha, ah\u015fap do\u011fall\u0131\u011f\u0131n\u0131 yans\u0131t\u0131rken, farkl\u0131 renk <\/p>\n\n\n\n<p class=\"has-medium-font-size\">se\u00e7enekleriyle mekan\u0131n\u0131z\u0131 ayna parlakl\u0131\u011f\u0131 ile zenginle\u015ftirir.<\/p>\n\n\n\n<p class=\"has-nv-site-bg-color has-neve-link-color-background-color has-text-color has-background has-normal-font-size\"><strong>\u00d6L\u00c7\u00dc VE \u00d6ZELL\u0130KLER<\/strong><\/p>\n\n\n\n<div class=\"wp-block-themeisle-blocks-advanced-columns has-1-columns has-desktop-equal-layout has-tablet-equal-layout has-mobile-equal-layout has-default-gap has-vertical-center\" id=\"wp-block-themeisle-blocks-advanced-columns-d17ec3c7\"><div class=\"wp-block-themeisle-blocks-advanced-columns-overlay\"><\/div><div class=\"innerblocks-wrap\">\n<div class=\"wp-block-themeisle-blocks-advanced-column\" id=\"wp-block-themeisle-blocks-advanced-column-f5bda66a\">\n<div class=\"wp-block-columns are-vertically-aligned-center\">\n<div class=\"wp-block-column is-vertically-aligned-center\" style=\"flex-basis:100%\">\n<div class=\"pane\" style=\"display: block;\">\n        <div class=\"four columns\">\n\t\t\t\t<div class=\"imgAuto\"><img style=\"margin-left:30%\" src=\"http:\/\/teverpan.com.tr\/i\/assets\/images\/content\/SUPERGLOSS01.jpg\"><\/div>\n\t\t\t<\/div>\n\t\t\t<div class=\"eight columns omega alpha\">\n\t\t\t\t<div class=\"table blockAuto blockAuto-1 tableTwo\">\n\t\t\t\t\t<table>\n\t\t\t\t\t\t<tbody>\n\t\t\t\t\t\t\t<\/tbody><thead>\n\t\t\t\t\t\t\t<tr style=\"background: #aaaa\">\n\t\t\t\t\t\t\t\t<th>Kal\u0131nl\u0131k (mm)<\/th>\n\t\t\t\t\t\t\t\t<th>Ebat (mm)<\/th>\n\t\t\t\t\t\t\t<\/tr>\n\t\t\t\t\t\t\t<\/thead>\n\t\t\t\t\t\t\t<tbody><tr style=\"background: rgb(255, 255, 255);\">\n\t\t\t\t\t\t\t\t<td style=\"background: none;\">8, 18<\/td>\n\t\t\t\t\t\t\t\t<td style=\"background: none;\">Standart \u00dcretim&nbsp;2100&#215;2800&nbsp;\u00d6zel \u00dcretim&nbsp;1830&#215;3660<\/td>\n\t\t\t\t\t\t\t<\/tr>\n\t\t\t\t\t\t<\/tbody>\n\t\t\t\t\t<\/table>\n\t\t\t\t<\/div>\n\t\t\t<\/div>\n\t\t<\/div>\n\n\n\n<\/div>\n<\/div>\n<\/div>\n<\/div><\/div>\n\n\n\n<p class=\"has-nv-site-bg-color has-neve-link-color-background-color has-text-color has-background has-normal-font-size\"><strong>RENK KARTELASI<\/strong><\/p>\n\n\n\n<div class=\"wp-block-columns has-nv-site-bg-color has-vivid-cyan-blue-to-vivid-purple-gradient-background has-text-color has-background\">\n<div class=\"wp-block-column\" style=\"flex-basis:25%\">\n<div class=\"wp-block-group\"><div class=\"wp-block-group__inner-container\">\n<figure class=\"wp-block-image size-large is-resized\"><img loading=\"lazy\" src=\"http:\/\/teverpan.com.tr\/i\/content\/3449_1_MP002B.jpg\" alt=\"\" width=\"252\" height=\"236\"\/><figcaption><strong><span class=\"has-inline-color has-nv-site-bg-color\">MP 002 S\u00dcPER BEYAZ<\/span><\/strong><\/figcaption><\/figure>\n\n\n\n<p><\/p>\n<\/div><\/div>\n<\/div>\n\n\n\n<div class=\"wp-block-column is-vertically-aligned-top\" style=\"flex-basis:25%\">\n<figure class=\"wp-block-image size-large\"><img src=\"http:\/\/teverpan.com.tr\/i\/content\/5216_1_MP003B.jpg\" alt=\"\"\/><figcaption><strong><span class=\"has-inline-color has-nv-site-bg-color\">MP 003 ULTRA BEYAZ<\/span><\/strong><\/figcaption><\/figure>\n<\/div>\n\n\n\n<div class=\"wp-block-column\" style=\"flex-basis:25%\">\n<figure class=\"wp-block-image size-large\"><img src=\"http:\/\/teverpan.com.tr\/i\/content\/5217_1_MP004B.jpg\" alt=\"\"\/><figcaption><strong><span class=\"has-inline-color has-nv-site-bg-color\">MP 004 AYTA\u015eI<\/span><\/strong><\/figcaption><\/figure>\n<\/div>\n\n\n\n<div class=\"wp-block-column\" style=\"flex-basis:25%\">\n<figure class=\"wp-block-image size-large is-resized\"><img loading=\"lazy\" src=\"http:\/\/teverpan.com.tr\/i\/content\/5221_1_MP005B.jpg\" alt=\"\" width=\"256\" height=\"240\"\/><figcaption><strong><span class=\"has-inline-color has-nv-text-dark-bg-color\">MP 005 S\u0130YAH<\/span><\/strong><\/figcaption><\/figure>\n<\/div>\n<\/div>\n\n\n\n<div class=\"wp-block-columns has-pale-ocean-gradient-background has-background\">\n<div class=\"wp-block-column\" style=\"flex-basis:25%\">\n<figure class=\"wp-block-image size-large\"><img src=\"http:\/\/teverpan.com.tr\/i\/content\/5222_1_MP006B.jpg\" alt=\"\"\/><figcaption><strong>MP 006 ANTRAS\u0130T<\/strong><\/figcaption><\/figure>\n\n\n\n<p><\/p>\n<\/div>\n\n\n\n<div class=\"wp-block-column\" style=\"flex-basis:25%\">\n<figure class=\"wp-block-image size-large\"><img src=\"http:\/\/teverpan.com.tr\/i\/content\/5223_1_MP007B.jpg\" alt=\"\"\/><figcaption><strong>MP 007 CAPUCCINO<\/strong><\/figcaption><\/figure>\n<\/div>\n\n\n\n<div class=\"wp-block-column\" style=\"flex-basis:25%\">\n<figure class=\"wp-block-image size-large\"><img src=\"http:\/\/teverpan.com.tr\/i\/content\/5224_1_MP008B.jpg\" alt=\"\"\/><figcaption><strong>MP 008 KIRMIZI<\/strong><\/figcaption><\/figure>\n<\/div>\n\n\n\n<div class=\"wp-block-column\" style=\"flex-basis:25%\">\n<figure class=\"wp-block-image size-large is-resized\"><img loading=\"lazy\" src=\"http:\/\/teverpan.com.tr\/i\/content\/5225_1_MP009B.jpg\" alt=\"\" width=\"269\" height=\"252\"\/><figcaption><strong>MP 009 AK\u00c7A<\/strong><\/figcaption><\/figure>\n<\/div>\n<\/div>\n\n\n\n<div class=\"wp-block-columns has-very-light-gray-to-cyan-bluish-gray-gradient-background has-background\">\n<div class=\"wp-block-column\" style=\"flex-basis:25%\">\n<figure class=\"wp-block-image size-large\"><img src=\"http:\/\/teverpan.com.tr\/i\/content\/5226_1_MP010B.jpg\" alt=\"\"\/><figcaption><strong>MP 010 KATANYA<\/strong><\/figcaption><\/figure>\n<\/div>\n\n\n\n<div class=\"wp-block-column\" style=\"flex-basis:25%\">\n<figure class=\"wp-block-image size-large\"><img src=\"http:\/\/teverpan.com.tr\/i\/content\/5229_1_MP011B.jpg\" alt=\"\"\/><figcaption><strong>MP 011 ROYAL ME\u015eE<\/strong><\/figcaption><\/figure>\n<\/div>\n\n\n\n<div class=\"wp-block-column\" style=\"flex-basis:25%\">\n<figure class=\"wp-block-image size-large\"><img src=\"http:\/\/teverpan.com.tr\/i\/content\/5230_1_MP012B.jpg\" alt=\"\"\/><figcaption><strong>MP 012 PEDRO CEV\u0130Z<\/strong><\/figcaption><\/figure>\n<\/div>\n\n\n\n<div class=\"wp-block-column\" style=\"flex-basis:25%\">\n<figure class=\"wp-block-image size-large is-resized\"><img loading=\"lazy\" src=\"http:\/\/teverpan.com.tr\/i\/content\/5231_1_MP013B.jpg\" alt=\"\" width=\"269\" height=\"252\"\/><figcaption><strong>MP 013 OZE ME\u015eE<\/strong><\/figcaption><\/figure>\n<\/div>\n<\/div>\n\n\n\n<div class=\"wp-block-columns has-pale-ocean-gradient-background has-background\">\n<div class=\"wp-block-column\" style=\"flex-basis:25%\">\n<figure class=\"wp-block-image size-large\"><img src=\"http:\/\/teverpan.com.tr\/i\/content\/5232_1_MP014B.jpg\" alt=\"\"\/><figcaption><strong>MP 014 PETROL MAV\u0130<\/strong><\/figcaption><\/figure>\n<\/div>\n\n\n\n<div class=\"wp-block-column\" style=\"flex-basis:25%\">\n<figure class=\"wp-block-image size-large\"><img src=\"http:\/\/teverpan.com.tr\/i\/content\/5233_1_MP015B.jpg\" alt=\"\"\/><figcaption><strong>MP 015 KAHVE<\/strong><\/figcaption><\/figure>\n<\/div>\n\n\n\n<div class=\"wp-block-column\" style=\"flex-basis:25%\">\n<figure class=\"wp-block-image size-large\"><img src=\"http:\/\/teverpan.com.tr\/i\/content\/5234_1_MP016B.jpg\" alt=\"\"\/><figcaption><strong>MP 016 M\u00dcRD\u00dcM<\/strong><\/figcaption><\/figure>\n<\/div>\n\n\n\n<div class=\"wp-block-column\" style=\"flex-basis:25%\">\n<figure class=\"wp-block-image size-large is-resized\"><img loading=\"lazy\" src=\"http:\/\/teverpan.com.tr\/i\/content\/5236_1_MP017B.jpg\" alt=\"\" width=\"269\" height=\"252\"\/><figcaption><strong>MP 017 KUTUP BEYAZ<\/strong><\/figcaption><\/figure>\n<\/div>\n<\/div>\n","protected":false},"excerpt":{"rendered":"<p>Supergloss UV Lack Uygulanm\u0131\u015f MDFLAM \/ SUNTALAM SUPERGLOSS; MDF veya yonga levhan\u0131n y\u00fczeyine tutkal ve UV lak uygulanmas\u0131 sonucunda elde edilen dekoratif parlak y\u00fczeyli ah\u015fap panellerdir. \u00c7izilme ve a\u015f\u0131nmaya diren\u00e7li, di\u011fer parlak y\u00fczeylere g\u00f6re daha sert bir y\u00fczeye sahiptir. Ayr\u0131ca UV \u0131\u015f\u0131nlar\u0131yla sertle\u015fen \u00fcst tabaka, g\u00fcne\u015f \u0131\u015f\u0131\u011f\u0131 taraf\u0131ndan solmaya ve kimyasallara kar\u015f\u0131 dayan\u0131ml\u0131d\u0131r. Bu sayede&hellip;&nbsp;<a href=\"https:\/\/enderorman.com\/home\/613-2\/\" class=\"\" rel=\"bookmark\">Daha fazlas\u0131n\u0131 oku &raquo;<span class=\"screen-reader-text\"><\/span><\/a><\/p>\n","protected":false},"author":1,"featured_media":0,"parent":0,"menu_order":0,"comment_status":"closed","ping_status":"closed","template":"","meta":{"neve_meta_sidebar":"full-width","neve_meta_container":"","neve_meta_enable_content_width":"on","neve_meta_content_width":100,"neve_meta_title_alignment":"","neve_meta_author_avatar":"","neve_post_elements_order":"","neve_meta_disable_header":"","neve_meta_disable_footer":"","neve_meta_disable_title":"","_ti_tpc_template_sync":false,"_ti_tpc_template_id":""},"_links":{"self":[{"href":"https:\/\/enderorman.com\/home\/wp-json\/wp\/v2\/pages\/613"}],"collection":[{"href":"https:\/\/enderorman.com\/home\/wp-json\/wp\/v2\/pages"}],"about":[{"href":"https:\/\/enderorman.com\/home\/wp-json\/wp\/v2\/types\/page"}],"author":[{"embeddable":true,"href":"https:\/\/enderorman.com\/home\/wp-json\/wp\/v2\/users\/1"}],"replies":[{"embeddable":true,"href":"https:\/\/enderorman.com\/home\/wp-json\/wp\/v2\/comments?post=613"}],"version-history":[{"count":15,"href":"https:\/\/enderorman.com\/home\/wp-json\/wp\/v2\/pages\/613\/revisions"}],"predecessor-version":[{"id":632,"href":"https:\/\/enderorman.com\/home\/wp-json\/wp\/v2\/pages\/613\/revisions\/632"}],"wp:attachment":[{"href":"https:\/\/enderorman.com\/home\/wp-json\/wp\/v2\/media?parent=613"}],"curies":[{"name":"wp","href":"https:\/\/api.w.org\/{rel}","templated":true}]}}