{"id":583,"date":"2021-06-23T16:12:29","date_gmt":"2021-06-23T13:12:29","guid":{"rendered":"https:\/\/enderorman.com\/home\/?page_id=583"},"modified":"2021-06-23T16:12:30","modified_gmt":"2021-06-23T13:12:30","slug":"583-2","status":"publish","type":"page","link":"https:\/\/enderorman.com\/home\/583-2\/","title":{"rendered":""},"content":{"rendered":"\n<section class=\"wp-block-themeisle-blocks-advanced-columns alignfull has-1-columns has-desktop-equal-layout has-tablet-equal-layout has-mobile-equal-layout has-nogap-gap has-vertical-unset has-vertical-undefined\" id=\"wp-block-themeisle-blocks-advanced-columns-923f722e\"><div class=\"wp-block-themeisle-blocks-advanced-columns-overlay\"><\/div><div class=\"innerblocks-wrap\">\n<div class=\"wp-block-themeisle-blocks-advanced-column\" id=\"wp-block-themeisle-blocks-advanced-column-2e4dcd0f\">\n<div class=\"wp-block-buttons is-content-justification-center\"><\/div>\n<\/div>\n<\/div><\/section>\n\n\n\n<p><\/p>\n\n\n\n<p><\/p>\n\n\n\n<h1><span class=\"has-inline-color has-neve-link-hover-color-color\">Tabriz<\/span><\/h1>\n\n\n\n<p class=\"has-medium-font-size\"><strong>Teverdoor &#8211; Astar Boyal\u0131 Kap\u0131 Paneli<\/strong><\/p>\n\n\n\n<p class=\"has-medium-font-size\">Tabriz, estetik tasar\u0131m\u0131 ile zenginli\u011fi ifade eder. Klasik veya modern tarzda d\u00f6\u015fenmi\u015f her t\u00fcrl\u00fc mekanlar i\u00e7in rahatl\u0131kla <\/p>\n\n\n\n<p class=\"has-medium-font-size\">kullanabilece\u011finiz Tabriz modeli, ya\u015fad\u0131\u011f\u0131n\u0131z mekanlar\u0131 daha da g\u00fczelle\u015ftirir.<\/p>\n\n\n\n<p class=\"has-nv-site-bg-color has-neve-link-color-background-color has-text-color has-background has-normal-font-size\"><strong>\u00d6L\u00c7\u00dc VE \u00d6ZELL\u0130KLER<\/strong><\/p>\n\n\n\n<div class=\"wp-block-themeisle-blocks-advanced-columns has-1-columns has-desktop-equal-layout has-tablet-equal-layout has-mobile-equal-layout has-default-gap has-vertical-center\" id=\"wp-block-themeisle-blocks-advanced-columns-d17ec3c7\"><div class=\"wp-block-themeisle-blocks-advanced-columns-overlay\"><\/div><div class=\"innerblocks-wrap\">\n<div class=\"wp-block-themeisle-blocks-advanced-column\" id=\"wp-block-themeisle-blocks-advanced-column-f5bda66a\">\n<div class=\"wp-block-columns are-vertically-aligned-center\">\n<div class=\"wp-block-column is-vertically-aligned-center\" style=\"flex-basis:100%\">\n<div class=\"pane\" style=\"display: block;\">\n\t\t\t<div class=\"four columns\">\n\t\t\t\t<div class=\"imgAuto\"><img style=\"margin-left:30%\" src=\"http:\/\/teverpan.com.tr\/i\/assets\/images\/content\/tabriz-teknik01.jpg\"><\/div>\n\t\t\t<\/div>\n<div class=\"eight columns omega alpha\">\n\t<div class=\"table blockAuto blockAuto-1 tableTwo\">\n\t\t<div class=\"table blockAuto blockAuto-2 tableTwo\">\n\t\t<\/div><table>\n\t\t\t<tbody>\n\t\t\t<\/tbody><thead>\n\t\t\t\t<tr style=\"background: #aaaa\">\n\t\t\t\t\t<th>A mm<\/th>\n\t\t\t\t\t<th>B mm<\/th>\n\t\t\t\t\t<th>C mm<\/th>\n\t\t\t\t\t<th>D mm<\/th>\n\t\t\t\t\t<th>E mm<\/th>\n\t\t\t\t\t<th>Height mm<\/th>\n\t\t\t\t<\/tr>\n\t\t\t<\/thead>\n\t\t\t<tbody><tr style=\"background: rgb(255, 255, 255);\">\n\t\t\t\t<td style=\"background: none;\">670<\/td>\n\t\t\t\t<td style=\"background: none;\">135<\/td>\n\t\t\t\t<td style=\"background: none;\">150<\/td>\n\t\t\t\t<td style=\"background: none;\">280<\/td>\n\t\t\t\t<td style=\"background: none;\">190<\/td>\n\t\t\t\t<td style=\"background: none;\">2150<\/td>\n\t\t\t<\/tr>\n\t\t\t<tr style=\"background: rgb(240, 240, 240);\">\n\t\t\t\t<td style=\"background: none;\">770<\/td>\n\t\t\t\t<td style=\"background: none;\">155<\/td>\n\t\t\t\t<td style=\"background: none;\">180<\/td>\n\t\t\t\t<td style=\"background: none;\">280<\/td>\n\t\t\t\t<td style=\"background: none;\">190<\/td>\n\t\t\t\t<td style=\"background: none;\">2150<\/td>\n\t\t\t<\/tr>\n\t\t\t<tr style=\"background: rgb(255, 255, 255);\">\n\t\t\t\t<td style=\"background: none;\">870<\/td>\n\t\t\t\t<td style=\"background: none;\">160<\/td>\n\t\t\t\t<td style=\"background: none;\">225<\/td>\n\t\t\t\t<td style=\"background: none;\">280<\/td>\n\t\t\t\t<td style=\"background: none;\">190<\/td>\n\t\t\t\t<td style=\"background: none;\">2150<\/td>\n\t\t\t<\/tr>\n\t\t\t<tr style=\"background: rgb(240, 240, 240);\">\n\t\t\t\t<td style=\"background: none;\">970<\/td>\n\t\t\t\t<td style=\"background: none;\">170<\/td>\n\t\t\t\t<td style=\"background: none;\">265<\/td>\n\t\t\t\t<td style=\"background: none;\">280<\/td>\n\t\t\t\t<td style=\"background: none;\">190<\/td>\n\t\t\t\t<td style=\"background: none;\">2150<\/td>\n\t\t\t<\/tr>\n\t\t\t<tr style=\"background: rgb(255, 255, 255);\">\n\t\t\t\t<td style=\"background: none;\">1070<\/td>\n\t\t\t\t<td style=\"background: none;\">175<\/td>\n\t\t\t\t<td style=\"background: none;\">310<\/td>\n\t\t\t\t<td style=\"background: none;\">280<\/td>\n\t\t\t\t<td style=\"background: none;\">190<\/td>\n\t\t\t\t<td style=\"background: none;\">2150<\/td>\n\t\t\t<\/tr>\n\t\n\t<\/tbody><\/table><table>\n\t\t\t<tbody>\n\t\t\t<\/tbody><thead>\n\t\t\t\t<tr style=\"background: #aaaa\">\n\t\t\t\t\t<th>Y\u00fczey Dokusu<\/th>\n\t\t\t\t\t<th>Profil Tipi<\/th>\n\t\t\t\t\t<th>Kal\u0131nl\u0131k<\/th>\n\t\t\t\t\t<th>Tutkal Tipi<\/th>\n\t\t\t\t<\/tr>\n\t\t\t<\/thead>\n\t\t\t<tbody>\n\t\t\t<tr style=\"background: rgb(255, 255, 255);\">\n\t\t\t\t<td style=\"background: none;\">Me\u015fe<\/td>\n\t\t\t\t<td style=\"background: none;\">Classic<\/td>\n\t\t\t\t<td style=\"background: none;\">3 mm<\/td>\n\t\t\t\t<td style=\"background: none;\">E 1<\/td>\n\t\t\t<\/tr>\n\t\t\t<\/tbody>\n\t\t<\/table>\n\t<\/div>\n<\/div>\n\n\t\t<\/div>\n<\/div>\n<\/div>\n<\/div>\n<\/div><\/div>\n","protected":false},"excerpt":{"rendered":"<p>Tabriz Teverdoor &#8211; Astar Boyal\u0131 Kap\u0131 Paneli Tabriz, estetik tasar\u0131m\u0131 ile zenginli\u011fi ifade eder. Klasik veya modern tarzda d\u00f6\u015fenmi\u015f her t\u00fcrl\u00fc mekanlar i\u00e7in rahatl\u0131kla kullanabilece\u011finiz Tabriz modeli, ya\u015fad\u0131\u011f\u0131n\u0131z mekanlar\u0131 daha da g\u00fczelle\u015ftirir. \u00d6L\u00c7\u00dc VE \u00d6ZELL\u0130KLER<\/p>\n","protected":false},"author":1,"featured_media":0,"parent":0,"menu_order":0,"comment_status":"closed","ping_status":"closed","template":"","meta":{"neve_meta_sidebar":"full-width","neve_meta_container":"","neve_meta_enable_content_width":"on","neve_meta_content_width":100,"neve_meta_title_alignment":"","neve_meta_author_avatar":"","neve_post_elements_order":"","neve_meta_disable_header":"","neve_meta_disable_footer":"","neve_meta_disable_title":"","_ti_tpc_template_sync":false,"_ti_tpc_template_id":""},"_links":{"self":[{"href":"https:\/\/enderorman.com\/home\/wp-json\/wp\/v2\/pages\/583"}],"collection":[{"href":"https:\/\/enderorman.com\/home\/wp-json\/wp\/v2\/pages"}],"about":[{"href":"https:\/\/enderorman.com\/home\/wp-json\/wp\/v2\/types\/page"}],"author":[{"embeddable":true,"href":"https:\/\/enderorman.com\/home\/wp-json\/wp\/v2\/users\/1"}],"replies":[{"embeddable":true,"href":"https:\/\/enderorman.com\/home\/wp-json\/wp\/v2\/comments?post=583"}],"version-history":[{"count":1,"href":"https:\/\/enderorman.com\/home\/wp-json\/wp\/v2\/pages\/583\/revisions"}],"predecessor-version":[{"id":586,"href":"https:\/\/enderorman.com\/home\/wp-json\/wp\/v2\/pages\/583\/revisions\/586"}],"wp:attachment":[{"href":"https:\/\/enderorman.com\/home\/wp-json\/wp\/v2\/media?parent=583"}],"curies":[{"name":"wp","href":"https:\/\/api.w.org\/{rel}","templated":true}]}}