{"id":520,"date":"2021-06-22T11:48:53","date_gmt":"2021-06-22T08:48:53","guid":{"rendered":"https:\/\/enderorman.com\/home\/?page_id=520"},"modified":"2021-10-08T19:52:26","modified_gmt":"2021-10-08T16:52:26","slug":"520-2","status":"publish","type":"page","link":"https:\/\/enderorman.com\/home\/520-2\/","title":{"rendered":""},"content":{"rendered":"\n<section class=\"wp-block-themeisle-blocks-advanced-columns alignfull has-1-columns has-desktop-equal-layout has-tablet-equal-layout has-mobile-equal-layout has-nogap-gap has-vertical-unset has-vertical-undefined\" id=\"wp-block-themeisle-blocks-advanced-columns-923f722e\"><div class=\"wp-block-themeisle-blocks-advanced-columns-overlay\"><\/div><div class=\"innerblocks-wrap\">\n<div class=\"wp-block-themeisle-blocks-advanced-column\" id=\"wp-block-themeisle-blocks-advanced-column-2e4dcd0f\">\n<div class=\"wp-block-buttons is-content-justification-center\"><\/div>\n<\/div>\n<\/div><\/section>\n\n\n\n<p><\/p>\n\n\n\n<p><\/p>\n\n\n\n<h1><span class=\"has-inline-color has-neve-link-hover-color-color\">Dallas<\/span><\/h1>\n\n\n\n<p class=\"has-medium-font-size\"><strong>Teverdoor &#8211; Astar Boyal\u0131 Kap\u0131 Paneli<\/strong><\/p>\n\n\n\n<p class=\"has-medium-font-size\">Ohio; karizmatik tasar\u0131m\u0131 ile mekanlar\u0131n vazge\u00e7ilmez modelidir. Asaletli duru\u015fu, klasik veya modern tarzda d\u00f6\u015fenmi\u015f her t\u00fcrl\u00fc <\/p>\n\n\n\n<p class=\"has-medium-font-size\">mekana keyifli anlam katar.<\/p>\n\n\n\n<p class=\"has-nv-site-bg-color has-neve-link-color-background-color has-text-color has-background has-normal-font-size\"><strong>\u00d6L\u00c7\u00dc VE \u00d6ZELL\u0130KLER<\/strong><\/p>\n\n\n\n<div class=\"wp-block-themeisle-blocks-advanced-columns has-1-columns has-desktop-equal-layout has-tablet-equal-layout has-mobile-equal-layout has-default-gap has-vertical-center\" id=\"wp-block-themeisle-blocks-advanced-columns-d17ec3c7\"><div class=\"wp-block-themeisle-blocks-advanced-columns-overlay\"><\/div><div class=\"innerblocks-wrap\">\n<div class=\"wp-block-themeisle-blocks-advanced-column\" id=\"wp-block-themeisle-blocks-advanced-column-f5bda66a\">\n<div class=\"wp-block-columns are-vertically-aligned-center\">\n<div class=\"wp-block-column is-vertically-aligned-center\" style=\"flex-basis:100%\">\n<div class=\"pane\" style=\"display: block;\">\n\t\t\t<div class=\"four columns\">\n\t\t\t\t<div class=\"imgAuto\"><img style=\"margin-left:30%\" src=\"http:\/\/teverpan.com.tr\/i\/assets\/images\/content\/dallas-teknik.jpg\"><\/div>\n\t\t\t<\/div>\n\t\t\t<div class=\"eight columns omega alpha\">\n\t\t\t\t<div class=\"table blockAuto blockAuto-1 tableTwo\">\n\t\t\t\t\t<table>\n\t\t\t\t\t\t<tbody>\n\t\t\t\t\t\t<\/tbody><thead>\n\t\t\t\t\t\t\t<tr style=\"background: #aaa\">\n\t\t\t\t\t\t\t\t<th>A mm<\/th>\n\t\t\t\t\t\t\t\t<th>B mm<\/th>\n\t\t\t\t\t\t\t\t<th>C mm<\/th>\n\t\t\t\t\t\t\t\t<th>D mm<\/th>\n\t\t\t\t\t\t\t\t<th>E mm<\/th>\n\t\t\t\t\t\t\t\t<th>F mm<\/th>\n                                                                <th>Length mm<\/th>\n\t\t\t\t\t\t\t<\/tr>\n\t\t\t\t\t\t<\/thead>\n\t\t\t\t\t\t<tbody><tr style=\"background: rgb(255, 255, 255);\">\n\t\t\t\t\t\t\t<td style=\"background: none;\">670<\/td>\n\t\t\t\t\t\t\t<td style=\"background: none;\">137<\/td>\n\t\t\t\t\t\t\t<td style=\"background: none;\">396<\/td>\n\t\t\t\t\t\t\t<td style=\"background: none;\">273<\/td>\n\t\t\t\t\t\t\t<td style=\"background: none;\">165<\/td>\n\t\t\t\t\t\t\t<td style=\"background: none;\">925<\/td> \n                                                        <td style=\"background: none;\">2150<\/td>\n\t\t\t\t\t\t<\/tr>\n\t\t\t\t\t\t<tr style=\"background: rgb(240, 240, 240);\">\n\t\t\t\t\t\t\t<td style=\"background: none;\">673<\/td>\n\t\t\t\t\t\t\t<td style=\"background: none;\">138,5<\/td>\n\t\t\t\t\t\t\t<td style=\"background: none;\">396<\/td>\n\t\t\t\t\t\t\t<td style=\"background: none;\">273<\/td>\n\t\t\t\t\t\t\t<td style=\"background: none;\">165<\/td>\n\t\t\t\t\t\t\t<td style=\"background: none;\">925<\/td>\n                                                        <td style=\"background: none;\">2150<\/td>\n                                                <\/tr>\n\t\t\t\t\t\t<tr style=\"background: rgb(255, 255, 255);\">\n\t\t\t\t\t\t\t<td style=\"background: none;\">770<\/td>\n\t\t\t\t\t\t\t<td style=\"background: none;\">161<\/td>\n\t\t\t\t\t\t\t<td style=\"background: none;\">448<\/td>\n\t\t\t\t\t\t\t<td style=\"background: none;\">273<\/td>\n\t\t\t\t\t\t\t<td style=\"background: none;\">165<\/td>\n\t\t\t\t\t\t\t<td style=\"background: none;\">925<\/td>\n                                                        <td style=\"background: none;\">2150<\/td>\n                                                <\/tr>\n\t\t\t\t\t\t<tr style=\"background: rgb(240, 240, 240);\">\n\t\t\t\t\t\t\t<td style=\"background: none;\">775<\/td>\n\t\t\t\t\t\t\t<td style=\"background: none;\">138,5<\/td>\n\t\t\t\t\t\t\t<td style=\"background: none;\">498<\/td>\n\t\t\t\t\t\t\t<td style=\"background: none;\">273<\/td>\n\t\t\t\t\t\t\t<td style=\"background: none;\">165<\/td>\n\t\t\t\t\t\t\t<td style=\"background: none;\">925<\/td>\n                                                        <td style=\"background: none;\">2150<\/td>\n                                                <\/tr>\n\t\t\t\t\t\t<tr style=\"background: rgb(255, 255, 255);\">\n\t\t\t\t\t\t\t<td style=\"background: none;\">870<\/td>\n\t\t\t\t\t\t\t<td style=\"background: none;\">161<\/td>\n\t\t\t\t\t\t\t<td style=\"background: none;\">548<\/td>\n\t\t\t\t\t\t\t<td style=\"background: none;\">273<\/td>\n\t\t\t\t\t\t\t<td style=\"background: none;\">165<\/td>\n\t\t\t\t\t\t\t<td style=\"background: none;\">925<\/td>\n                                                        <td style=\"background: none;\">2150<\/td>\n                                                <\/tr>\n\t\t\t\t\t\t<tr style=\"background: rgb(240, 240, 240);\">\n\t\t\t\t\t\t\t<td style=\"background: none;\">876<\/td>\n\t\t\t\t\t\t\t<td style=\"background: none;\">164<\/td>\n\t\t\t\t\t\t\t<td style=\"background: none;\">548<\/td>\n\t\t\t\t\t\t\t<td style=\"background: none;\">273<\/td>\n\t\t\t\t\t\t\t<td style=\"background: none;\">165<\/td>\n\t\t\t\t\t\t\t<td style=\"background: none;\">925<\/td>\n                                                        <td style=\"background: none;\">2150<\/td>\n                                                <\/tr>\n\t\t\t\t\t\t<tr style=\"background: rgb(255, 255, 255);\">\n\t\t\t\t\t\t\t<td style=\"background: none;\">970<\/td>\n\t\t\t\t\t\t\t<td style=\"background: none;\">186<\/td>\n\t\t\t\t\t\t\t<td style=\"background: none;\">598<\/td>\n\t\t\t\t\t\t\t<td style=\"background: none;\">273<\/td>\n\t\t\t\t\t\t\t<td style=\"background: none;\">165<\/td>\n\t\t\t\t\t\t\t<td style=\"background: none;\">925<\/td>\n                                                        <td style=\"background: none;\">2150<br><\/td>\n\t\t\t\t\t\t<\/tr>\n\t\t\t\t\t\t<\/tbody>\n\t\t\t\t\t<\/table>\n\t\t\t\t<\/div>\n\t\t\t<div class=\"eight columns omega alpha\">\n\t\t\t\t<div class=\"table blockAuto blockAuto-1 tableTwo\">\n\t\t\t\t\t<table>\n\t\t\t\t\t\t<tbody>\n\t\t\t\t\t\t<\/tbody><thead>\n\t\t\t\t\t\t\t<tr style=\"background: #aaa\">\n\t\t\t\t\t\t\t\t<th>A inch<\/th>\n\t\t\t\t\t\t\t\t<th>B&nbsp;inch<\/th>\n\t\t\t\t\t\t\t\t<th>C&nbsp;inch<\/th>\n\t\t\t\t\t\t\t\t<th>D&nbsp;inch<\/th>\n\t\t\t\t\t\t\t\t<th>E&nbsp;inch<\/th>\n\t\t\t\t\t\t\t\t<th>F&nbsp;inch<\/th>\n                                                                <th>Length&nbsp;inch<\/th>\n\t\t\t\t\t\t\t<\/tr>\n\t\t\t\t\t\t<\/thead>\n\t\t\t\t\t\t<tbody><tr style=\"background: rgb(255, 255, 255);\">\n\t\t\t\t\t\t\t<td style=\"background: none;\">26,38<\/td>\n\t\t\t\t\t\t\t<td style=\"background: none;\">5,39<\/td>\n\t\t\t\t\t\t\t<td style=\"background: none;\">15,59<\/td>\n\t\t\t\t\t\t\t<td style=\"background: none;\">10,75<\/td>\n\t\t\t\t\t\t\t<td style=\"background: none;\">6,50<\/td>\n\t\t\t\t\t\t\t<td style=\"background: none;\">36,42<\/td>\n                                                        <td style=\"background: none;\">84,65<\/td>\n\t\t\t\t\t\t<\/tr>\n\t\t\t\t\t\t<tr style=\"background: rgb(240, 240, 240);\">\n\t\t\t\t\t\t\t<td style=\"background: none;\">26,50<\/td>\n\t\t\t\t\t\t\t<td style=\"background: none;\">5,45<\/td>\n\t\t\t\t\t\t\t<td style=\"background: none;\">15,59<\/td>\n\t\t\t\t\t\t\t<td style=\"background: none;\">10,75<\/td>\n\t\t\t\t\t\t\t<td style=\"background: none;\">6,50<\/td>\n\t\t\t\t\t\t\t<td style=\"background: none;\">36,42<\/td>\n                                                        <td style=\"background: none;\">84,65<\/td>\n                                                <\/tr>\n\t\t\t\t\t\t<tr style=\"background: rgb(255, 255, 255);\">\n\t\t\t\t\t\t\t<td style=\"background: none;\">30,31<\/td>\n\t\t\t\t\t\t\t<td style=\"background: none;\">6,34<\/td>\n\t\t\t\t\t\t\t<td style=\"background: none;\">17,64<\/td>\n\t\t\t\t\t\t\t<td style=\"background: none;\">10,75<\/td>\n\t\t\t\t\t\t\t<td style=\"background: none;\">6,50<\/td>\n\t\t\t\t\t\t\t<td style=\"background: none;\">36,42<\/td>\n                                                        <td style=\"background: none;\">84,65<\/td>\n                                                <\/tr>\n\t\t\t\t\t\t<tr style=\"background: rgb(240, 240, 240);\">\n\t\t\t\t\t\t\t<td style=\"background: none;\">30,51<\/td>\n\t\t\t\t\t\t\t<td style=\"background: none;\">5,45<\/td>\n\t\t\t\t\t\t\t<td style=\"background: none;\">19,61<\/td>\n\t\t\t\t\t\t\t<td style=\"background: none;\">10,75<\/td>\n\t\t\t\t\t\t\t<td style=\"background: none;\">6,50<\/td>\n\t\t\t\t\t\t\t<td style=\"background: none;\">36,42<\/td>\n                                                        <td style=\"background: none;\">84,65<\/td>\n                                                <\/tr>\n\t\t\t\t\t\t<tr style=\"background: rgb(255, 255, 255);\">\n\t\t\t\t\t\t\t<td style=\"background: none;\">34,25<\/td>\n\t\t\t\t\t\t\t<td style=\"background: none;\">6,34<\/td>\n\t\t\t\t\t\t\t<td style=\"background: none;\">21,57<\/td>\n\t\t\t\t\t\t\t<td style=\"background: none;\">10,75<\/td>\n\t\t\t\t\t\t\t<td style=\"background: none;\">6,50<\/td>\n\t\t\t\t\t\t\t<td style=\"background: none;\">36,42<\/td>\n                                                        <td style=\"background: none;\">84,65<\/td>\n                                                <\/tr>\n\t\t\t\t\t\t<tr style=\"background: rgb(240, 240, 240);\">\n\t\t\t\t\t\t\t<td style=\"background: none;\">34,49<\/td>\n\t\t\t\t\t\t\t<td style=\"background: none;\">6,46<\/td>\n\t\t\t\t\t\t\t<td style=\"background: none;\">21,57<\/td>\n\t\t\t\t\t\t\t<td style=\"background: none;\">10,75<\/td>\n\t\t\t\t\t\t\t<td style=\"background: none;\">6,50<\/td>\n\t\t\t\t\t\t\t<td style=\"background: none;\">36,42<\/td>\n                                                        <td style=\"background: none;\">84,65<\/td>\n                                                <\/tr>\n\t\t\t\t\t\t<tr style=\"background: rgb(255, 255, 255);\">\n\t\t\t\t\t\t\t<td style=\"background: none;\">38,19<\/td>\n\t\t\t\t\t\t\t<td style=\"background: none;\">7,32<\/td>\n\t\t\t\t\t\t\t<td style=\"background: none;\">23,54<\/td>\n\t\t\t\t\t\t\t<td style=\"background: none;\">10,75<\/td>\n\t\t\t\t\t\t\t<td style=\"background: none;\">6,50<\/td>\n\t\t\t\t\t\t\t<td style=\"background: none;\">36,42<\/td>\n                                                        <td style=\"background: none;\">84,65<\/td>\n\t\t\t\t\t\t<\/tr>\n\t\t\t\t\t\t<\/tbody>\n\t\t\t\t\t<\/table>\n\t\t\t\t<\/div>\n\t\t\t\t<div class=\"table blockAuto blockAuto-2 tableTwo\">\n\t\t\t\t\t<table>\n\t\t\t\t\t\t<tbody>\n\t\t\t\t\t\t<\/tbody><thead>\n\t\t\t\t\t\t\t<tr style=\"background: rgb(240, 240, 240);\">\n\t\t\t\t\t\t\t\t<th><table><tbody><\/tbody><thead><tr style=\"background: rgb(255, 255, 255);\"><th>Y\u00fczey Dokusu<\/th><th>Profil Tipi<\/th><th>Kal\u0131nl\u0131k<\/th><th>Tutkal Tipi<\/th><\/tr><\/thead><tbody><tr style=\"background: rgb(255, 255, 255);\"><td style=\"background: none;\">Dokusuz<\/td><td style=\"background: none;\">INF<\/td><td style=\"background: none;\">3 mm<\/td><td style=\"background: none;\">E 1<\/td><\/tr><\/tbody><\/table><\/th><th><\/th><th><\/th><th><\/th><\/tr><\/thead><tbody>\n\t\t\t\t\t\t<\/tbody>\n\t\t\t\t\t<\/table>\n\t\t\t\t<\/div>\n\t\t\t<\/div>\n\t\t<\/div>\n\t<\/div>\n<\/div>\n<\/div>\n<\/div>\n<\/div><\/div>\n","protected":false},"excerpt":{"rendered":"<p>Dallas Teverdoor &#8211; Astar Boyal\u0131 Kap\u0131 Paneli Ohio; karizmatik tasar\u0131m\u0131 ile mekanlar\u0131n vazge\u00e7ilmez modelidir. Asaletli duru\u015fu, klasik veya modern tarzda d\u00f6\u015fenmi\u015f her t\u00fcrl\u00fc mekana keyifli anlam katar. \u00d6L\u00c7\u00dc VE \u00d6ZELL\u0130KLER<\/p>\n","protected":false},"author":1,"featured_media":0,"parent":0,"menu_order":0,"comment_status":"closed","ping_status":"closed","template":"","meta":{"neve_meta_sidebar":"full-width","neve_meta_container":"","neve_meta_enable_content_width":"on","neve_meta_content_width":100,"neve_meta_title_alignment":"","neve_meta_author_avatar":"","neve_post_elements_order":"","neve_meta_disable_header":"","neve_meta_disable_footer":"","neve_meta_disable_title":"","_ti_tpc_template_sync":false,"_ti_tpc_template_id":""},"_links":{"self":[{"href":"https:\/\/enderorman.com\/home\/wp-json\/wp\/v2\/pages\/520"}],"collection":[{"href":"https:\/\/enderorman.com\/home\/wp-json\/wp\/v2\/pages"}],"about":[{"href":"https:\/\/enderorman.com\/home\/wp-json\/wp\/v2\/types\/page"}],"author":[{"embeddable":true,"href":"https:\/\/enderorman.com\/home\/wp-json\/wp\/v2\/users\/1"}],"replies":[{"embeddable":true,"href":"https:\/\/enderorman.com\/home\/wp-json\/wp\/v2\/comments?post=520"}],"version-history":[{"count":9,"href":"https:\/\/enderorman.com\/home\/wp-json\/wp\/v2\/pages\/520\/revisions"}],"predecessor-version":[{"id":566,"href":"https:\/\/enderorman.com\/home\/wp-json\/wp\/v2\/pages\/520\/revisions\/566"}],"wp:attachment":[{"href":"https:\/\/enderorman.com\/home\/wp-json\/wp\/v2\/media?parent=520"}],"curies":[{"name":"wp","href":"https:\/\/api.w.org\/{rel}","templated":true}]}}