{"id":404,"date":"2021-06-20T17:29:11","date_gmt":"2021-06-20T14:29:11","guid":{"rendered":"https:\/\/enderorman.com\/home\/?page_id=404"},"modified":"2021-06-23T16:16:51","modified_gmt":"2021-06-23T13:16:51","slug":"404-2","status":"publish","type":"page","link":"https:\/\/enderorman.com\/home\/404-2\/","title":{"rendered":""},"content":{"rendered":"\n<div id=\"wp-block-themeisle-blocks-slider-b7876b22\" class=\"wp-block-themeisle-blocks-slider alignfull glide\" data-per-view=\"1\" data-gap=\"0\" data-peek=\"0\" data-autoplay=\"false\" data-height=\"400px\" data-hide-arrows=\"true\"><div class=\"glide__track\" data-glide-el=\"track\"><div class=\"glide__slides\"><div class=\"wp-block-themeisle-blocks-slider-item-wrapper glide__slide\" tabindex=\"0\"><figure><img class=\"wp-block-themeisle-blocks-slider-item\" src=\"https:\/\/enderorman.com\/home\/wp-content\/uploads\/2021\/06\/22_1_teverdoor_banner-scaled.jpg\" alt=\"\" title=\"\" data-id=\"435\"\/><\/figure><\/div><\/div><\/div><\/div>\n\n\n\n<section class=\"wp-block-themeisle-blocks-advanced-columns alignfull has-1-columns has-desktop-equal-layout has-tablet-equal-layout has-mobile-equal-layout has-nogap-gap has-vertical-flex-start\" id=\"wp-block-themeisle-blocks-advanced-columns-e4373a2b\"><div class=\"wp-block-themeisle-blocks-advanced-columns-overlay\"><\/div><div class=\"innerblocks-wrap\">\n<div class=\"wp-block-themeisle-blocks-advanced-column\" id=\"wp-block-themeisle-blocks-advanced-column-0b9db5af\">\n<section class=\"wp-block-themeisle-blocks-advanced-columns has-2-columns has-desktop-equal-layout has-tablet-equal-layout has-mobile-collapsedRows-layout has-nogap-gap has-vertical-flex-start\" id=\"wp-block-themeisle-blocks-advanced-columns-62d68e08\"><div class=\"wp-block-themeisle-blocks-advanced-columns-overlay\"><\/div><div class=\"innerblocks-wrap\">\n<div class=\"wp-block-themeisle-blocks-advanced-column\" id=\"wp-block-themeisle-blocks-advanced-column-ba020b38\">\n<h2 class=\"has-text-align-left\">TEVERDOOR<\/h2>\n\n\n\n<p class=\"has-text-align-left\"><strong>Astar Boyal\u0131 Kap\u0131 Paneli<\/strong><\/p>\n\n\n\n<p>TEVERDOOR, T\u00fcrkiye&#8217;nin ilk kap\u0131 paneli tesisidir. \u00dcst\u00fcn teknolojisi ile d\u00fcnyan\u0131n en modern, en yeni, say\u0131l\u0131 tesislerinden biridir. TEVERDOOR Kap\u0131 panellerinde kullan\u0131lan a\u011fa\u00e7 lifleri, \u00f6zenle se\u00e7ilen a\u011fa\u00e7 cinslerinden elde edilmektedir. M\u00fckemmel kaliteye sahiptir. Klasikten moderne zengin kap\u0131 paneli modelleri ile ya\u015fad\u0131\u011f\u0131n\u0131z mekanlar da farkl\u0131l\u0131k yarat\u0131r.<\/p>\n\n\n\n<p><\/p>\n<\/div>\n\n\n\n<div class=\"wp-block-themeisle-blocks-advanced-column\" id=\"wp-block-themeisle-blocks-advanced-column-6c94b24d\"><\/div>\n<\/div><\/section>\n\n\n\n<section class=\"wp-block-themeisle-blocks-advanced-columns has-3-columns has-desktop-equal-layout has-tablet-equal-layout has-mobile-collapsedRows-layout has-nogap-gap has-vertical-flex-start\" id=\"wp-block-themeisle-blocks-advanced-columns-6fc7adce\"><div class=\"wp-block-themeisle-blocks-advanced-columns-overlay\"><\/div><div class=\"innerblocks-wrap\">\n<div class=\"wp-block-themeisle-blocks-advanced-column\" id=\"wp-block-themeisle-blocks-advanced-column-25e97a9a\">\n<figure class=\"wp-block-image size-large is-resized is-style-default\"><img loading=\"lazy\" src=\"https:\/\/enderorman.com\/home\/wp-content\/uploads\/2021\/06\/323_1_oregon_urun-list01.jpg\" alt=\"\" class=\"wp-image-413\" width=\"367\" height=\"227\" srcset=\"https:\/\/enderorman.com\/home\/wp-content\/uploads\/2021\/06\/323_1_oregon_urun-list01.jpg 315w, https:\/\/enderorman.com\/home\/wp-content\/uploads\/2021\/06\/323_1_oregon_urun-list01-300x186.jpg 300w\" sizes=\"(max-width: 367px) 100vw, 367px\" \/><\/figure>\n\n\n\n<h3 class=\"has-text-align-left\">Roma<\/h3>\n\n\n\n<div class=\"wp-block-buttons\">\n<div class=\"wp-block-button has-custom-width wp-block-button__width-100 is-style-default\"><a class=\"wp-block-button__link has-nv-site-bg-color has-neve-link-color-background-color has-text-color has-background no-border-radius\" href=\"https:\/\/enderorman.com\/home\/441-2\/\">\u0130ncele<\/a><\/div>\n<\/div>\n\n\n\n<figure class=\"wp-block-image size-large is-resized\"><img loading=\"lazy\" src=\"https:\/\/enderorman.com\/home\/wp-content\/uploads\/2021\/06\/38_1_milano_urun-list1.jpg\" alt=\"\" class=\"wp-image-419\" width=\"367\" height=\"227\" srcset=\"https:\/\/enderorman.com\/home\/wp-content\/uploads\/2021\/06\/38_1_milano_urun-list1.jpg 315w, https:\/\/enderorman.com\/home\/wp-content\/uploads\/2021\/06\/38_1_milano_urun-list1-300x186.jpg 300w\" sizes=\"(max-width: 367px) 100vw, 367px\" \/><\/figure>\n\n\n\n<h3 class=\"has-text-align-left\">Milano<\/h3>\n\n\n\n<div class=\"wp-block-buttons\">\n<div class=\"wp-block-button has-custom-width wp-block-button__width-100 is-style-default\"><a class=\"wp-block-button__link has-nv-site-bg-color has-neve-link-color-background-color has-text-color has-background no-border-radius\" href=\"https:\/\/enderorman.com\/home\/495-2\/\">\u0130ncele<\/a><\/div>\n<\/div>\n\n\n\n<figure class=\"wp-block-image size-large is-resized\"><img loading=\"lazy\" src=\"https:\/\/enderorman.com\/home\/wp-content\/uploads\/2021\/06\/36_1_odessa_urun-list01.jpg\" alt=\"\" class=\"wp-image-422\" width=\"373\" height=\"231\" srcset=\"https:\/\/enderorman.com\/home\/wp-content\/uploads\/2021\/06\/36_1_odessa_urun-list01.jpg 315w, https:\/\/enderorman.com\/home\/wp-content\/uploads\/2021\/06\/36_1_odessa_urun-list01-300x186.jpg 300w\" sizes=\"(max-width: 373px) 100vw, 373px\" \/><\/figure>\n\n\n\n<h3 class=\"has-text-align-left\">Odessa<\/h3>\n\n\n\n<div class=\"wp-block-buttons\">\n<div class=\"wp-block-button has-custom-width wp-block-button__width-100 is-style-default\"><a class=\"wp-block-button__link has-nv-site-bg-color has-neve-link-color-background-color has-text-color has-background no-border-radius\" href=\"https:\/\/enderorman.com\/home\/531-2\/\">\u0130ncele<\/a><\/div>\n<\/div>\n\n\n\n<figure class=\"wp-block-image size-large is-resized\"><img loading=\"lazy\" src=\"https:\/\/enderorman.com\/home\/wp-content\/uploads\/2021\/06\/5289_1_ohio_urun-list.jpg\" alt=\"\" class=\"wp-image-425\" width=\"373\" height=\"231\" srcset=\"https:\/\/enderorman.com\/home\/wp-content\/uploads\/2021\/06\/5289_1_ohio_urun-list.jpg 315w, https:\/\/enderorman.com\/home\/wp-content\/uploads\/2021\/06\/5289_1_ohio_urun-list-300x186.jpg 300w\" sizes=\"(max-width: 373px) 100vw, 373px\" \/><\/figure>\n\n\n\n<h3 class=\"has-text-align-left\">Ohio<\/h3>\n\n\n\n<div class=\"wp-block-buttons\">\n<div class=\"wp-block-button has-custom-width wp-block-button__width-100 is-style-default\"><a class=\"wp-block-button__link has-nv-site-bg-color has-neve-link-color-background-color has-text-color has-background no-border-radius\" href=\"https:\/\/enderorman.com\/home\/553-2\/\">\u0130ncele<\/a><\/div>\n<\/div>\n\n\n\n<figure class=\"wp-block-image size-large is-resized\"><img loading=\"lazy\" src=\"https:\/\/enderorman.com\/home\/wp-content\/uploads\/2021\/06\/42_1_paris_urun-list.jpg\" alt=\"\" class=\"wp-image-428\" width=\"375\" height=\"232\" srcset=\"https:\/\/enderorman.com\/home\/wp-content\/uploads\/2021\/06\/42_1_paris_urun-list.jpg 315w, https:\/\/enderorman.com\/home\/wp-content\/uploads\/2021\/06\/42_1_paris_urun-list-300x186.jpg 300w\" sizes=\"(max-width: 375px) 100vw, 375px\" \/><\/figure>\n\n\n\n<h3 class=\"has-text-align-left\">Paris<\/h3>\n\n\n\n<div class=\"wp-block-buttons\">\n<div class=\"wp-block-button has-custom-width wp-block-button__width-100 is-style-default\"><a class=\"wp-block-button__link has-nv-site-bg-color has-neve-link-color-background-color has-text-color has-background no-border-radius\" href=\"https:\/\/enderorman.com\/home\/572-2\/\">\u0130ncele<\/a><\/div>\n<\/div>\n<\/div>\n\n\n\n<div class=\"wp-block-themeisle-blocks-advanced-column\" id=\"wp-block-themeisle-blocks-advanced-column-b5b3ad1c\">\n<figure class=\"wp-block-image size-large is-resized is-style-default\"><img loading=\"lazy\" src=\"https:\/\/enderorman.com\/home\/wp-content\/uploads\/2021\/06\/322_1_oregon_urun-list01.jpg\" alt=\"\" class=\"wp-image-414\" width=\"363\" height=\"225\" srcset=\"https:\/\/enderorman.com\/home\/wp-content\/uploads\/2021\/06\/322_1_oregon_urun-list01.jpg 315w, https:\/\/enderorman.com\/home\/wp-content\/uploads\/2021\/06\/322_1_oregon_urun-list01-300x186.jpg 300w\" sizes=\"(max-width: 363px) 100vw, 363px\" \/><\/figure>\n\n\n\n<h3 class=\"has-text-align-left\">Oregon<\/h3>\n\n\n\n<div class=\"wp-block-buttons\">\n<div class=\"wp-block-button has-custom-width wp-block-button__width-100 is-style-default\"><a class=\"wp-block-button__link has-nv-site-bg-color has-neve-link-color-background-color has-text-color has-background no-border-radius\" href=\"https:\/\/enderorman.com\/home\/473-2\/\">\u0130ncele<\/a><\/div>\n<\/div>\n\n\n\n<figure class=\"wp-block-image size-large is-resized\"><img loading=\"lazy\" src=\"https:\/\/enderorman.com\/home\/wp-content\/uploads\/2021\/06\/37_1_madrid_urun-list1_01.jpg\" alt=\"\" class=\"wp-image-420\" width=\"368\" height=\"228\" srcset=\"https:\/\/enderorman.com\/home\/wp-content\/uploads\/2021\/06\/37_1_madrid_urun-list1_01.jpg 315w, https:\/\/enderorman.com\/home\/wp-content\/uploads\/2021\/06\/37_1_madrid_urun-list1_01-300x186.jpg 300w\" sizes=\"(max-width: 368px) 100vw, 368px\" \/><\/figure>\n\n\n\n<h3 class=\"has-text-align-left\">Madrid<\/h3>\n\n\n\n<div class=\"wp-block-buttons\">\n<div class=\"wp-block-button has-custom-width wp-block-button__width-100 is-style-default\"><a class=\"wp-block-button__link has-nv-site-bg-color has-neve-link-color-background-color has-text-color has-background no-border-radius\" href=\"https:\/\/enderorman.com\/home\/510-2\/\">\u0130ncele<\/a><\/div>\n<\/div>\n\n\n\n<figure class=\"wp-block-image size-large is-resized\"><img loading=\"lazy\" src=\"https:\/\/enderorman.com\/home\/wp-content\/uploads\/2021\/06\/43_1_ankara_urun-list.jpg\" alt=\"\" class=\"wp-image-423\" width=\"370\" height=\"229\" srcset=\"https:\/\/enderorman.com\/home\/wp-content\/uploads\/2021\/06\/43_1_ankara_urun-list.jpg 315w, https:\/\/enderorman.com\/home\/wp-content\/uploads\/2021\/06\/43_1_ankara_urun-list-300x186.jpg 300w\" sizes=\"(max-width: 370px) 100vw, 370px\" \/><\/figure>\n\n\n\n<h3 class=\"has-text-align-left\">Ankara<\/h3>\n\n\n\n<div class=\"wp-block-buttons\">\n<div class=\"wp-block-button has-custom-width wp-block-button__width-100 is-style-default\"><a class=\"wp-block-button__link has-nv-site-bg-color has-neve-link-color-background-color has-text-color has-background no-border-radius\" href=\"https:\/\/enderorman.com\/home\/539-2\/\">\u0130ncele<\/a><\/div>\n<\/div>\n\n\n\n<figure class=\"wp-block-image size-large is-resized\"><img loading=\"lazy\" src=\"https:\/\/enderorman.com\/home\/wp-content\/uploads\/2021\/06\/5290_1_dubai_urun-list.jpg\" alt=\"\" class=\"wp-image-426\" width=\"373\" height=\"231\" srcset=\"https:\/\/enderorman.com\/home\/wp-content\/uploads\/2021\/06\/5290_1_dubai_urun-list.jpg 315w, https:\/\/enderorman.com\/home\/wp-content\/uploads\/2021\/06\/5290_1_dubai_urun-list-300x186.jpg 300w\" sizes=\"(max-width: 373px) 100vw, 373px\" \/><\/figure>\n\n\n\n<h3 class=\"has-text-align-left\">Dubai<\/h3>\n\n\n\n<div class=\"wp-block-buttons\">\n<div class=\"wp-block-button has-custom-width wp-block-button__width-100 is-style-default\"><a class=\"wp-block-button__link has-nv-site-bg-color has-neve-link-color-background-color has-text-color has-background no-border-radius\" href=\"https:\/\/enderorman.com\/home\/560-2\/\">\u0130ncele<\/a><\/div>\n<\/div>\n\n\n\n<figure class=\"wp-block-image size-large is-resized\"><img loading=\"lazy\" src=\"https:\/\/enderorman.com\/home\/wp-content\/uploads\/2021\/06\/324_1_tabriz_urun-list1.jpg\" alt=\"\" class=\"wp-image-429\" width=\"375\" height=\"232\" srcset=\"https:\/\/enderorman.com\/home\/wp-content\/uploads\/2021\/06\/324_1_tabriz_urun-list1.jpg 315w, https:\/\/enderorman.com\/home\/wp-content\/uploads\/2021\/06\/324_1_tabriz_urun-list1-300x186.jpg 300w\" sizes=\"(max-width: 375px) 100vw, 375px\" \/><\/figure>\n\n\n\n<h3 class=\"has-text-align-left\">Tabriz<\/h3>\n\n\n\n<div class=\"wp-block-buttons\">\n<div class=\"wp-block-button has-custom-width wp-block-button__width-100 is-style-default\"><a class=\"wp-block-button__link has-nv-site-bg-color has-neve-link-color-background-color has-text-color has-background no-border-radius\" href=\"https:\/\/enderorman.com\/home\/583-2\/\">\u0130ncele<\/a><\/div>\n<\/div>\n<\/div>\n\n\n\n<div class=\"wp-block-themeisle-blocks-advanced-column\" id=\"wp-block-themeisle-blocks-advanced-column-6be03cf4\">\n<figure class=\"wp-block-image size-large is-resized is-style-default\"><img loading=\"lazy\" src=\"https:\/\/enderorman.com\/home\/wp-content\/uploads\/2021\/06\/325_1_prag_urun-list.jpg\" alt=\"\" class=\"wp-image-415\" width=\"359\" height=\"223\" srcset=\"https:\/\/enderorman.com\/home\/wp-content\/uploads\/2021\/06\/325_1_prag_urun-list.jpg 315w, https:\/\/enderorman.com\/home\/wp-content\/uploads\/2021\/06\/325_1_prag_urun-list-300x186.jpg 300w\" sizes=\"(max-width: 359px) 100vw, 359px\" \/><\/figure>\n\n\n\n<h3 class=\"has-text-align-left\">Prag<\/h3>\n\n\n\n<div class=\"wp-block-buttons\">\n<div class=\"wp-block-button has-custom-width wp-block-button__width-100 is-style-default\"><a class=\"wp-block-button__link has-nv-site-bg-color has-neve-link-color-background-color has-text-color has-background no-border-radius\" href=\"https:\/\/enderorman.com\/home\/480-2\/\">\u0130ncele<\/a><\/div>\n<\/div>\n\n\n\n<figure class=\"wp-block-image size-large is-resized\"><img loading=\"lazy\" src=\"https:\/\/enderorman.com\/home\/wp-content\/uploads\/2021\/06\/5299_1_dallas_urun-list.jpg\" alt=\"\" class=\"wp-image-421\" width=\"374\" height=\"231\" srcset=\"https:\/\/enderorman.com\/home\/wp-content\/uploads\/2021\/06\/5299_1_dallas_urun-list.jpg 315w, https:\/\/enderorman.com\/home\/wp-content\/uploads\/2021\/06\/5299_1_dallas_urun-list-300x186.jpg 300w\" sizes=\"(max-width: 374px) 100vw, 374px\" \/><\/figure>\n\n\n\n<h3 class=\"has-text-align-left\">Dallas<\/h3>\n\n\n\n<div class=\"wp-block-buttons\">\n<div class=\"wp-block-button has-custom-width wp-block-button__width-100 is-style-default\"><a class=\"wp-block-button__link has-nv-site-bg-color has-neve-link-color-background-color has-text-color has-background no-border-radius\" href=\"https:\/\/enderorman.com\/home\/520-2\/\">\u0130ncele<\/a><\/div>\n<\/div>\n\n\n\n<figure class=\"wp-block-image size-large is-resized\"><img loading=\"lazy\" src=\"https:\/\/enderorman.com\/home\/wp-content\/uploads\/2021\/06\/40_1_oxford_urun-list10.jpg\" alt=\"\" class=\"wp-image-424\" width=\"368\" height=\"228\" srcset=\"https:\/\/enderorman.com\/home\/wp-content\/uploads\/2021\/06\/40_1_oxford_urun-list10.jpg 315w, https:\/\/enderorman.com\/home\/wp-content\/uploads\/2021\/06\/40_1_oxford_urun-list10-300x186.jpg 300w\" sizes=\"(max-width: 368px) 100vw, 368px\" \/><\/figure>\n\n\n\n<h3 class=\"has-text-align-left\">Oxford<\/h3>\n\n\n\n<div class=\"wp-block-buttons\">\n<div class=\"wp-block-button has-custom-width wp-block-button__width-100 is-style-default\"><a class=\"wp-block-button__link has-nv-site-bg-color has-neve-link-color-background-color has-text-color has-background no-border-radius\" href=\"https:\/\/enderorman.com\/home\/546-2\/\">\u0130ncele<\/a><\/div>\n<\/div>\n\n\n\n<figure class=\"wp-block-image size-large is-resized\"><img loading=\"lazy\" src=\"https:\/\/enderorman.com\/home\/wp-content\/uploads\/2021\/06\/39_1_lima_urun-list1.jpg\" alt=\"\" class=\"wp-image-427\" width=\"372\" height=\"230\" srcset=\"https:\/\/enderorman.com\/home\/wp-content\/uploads\/2021\/06\/39_1_lima_urun-list1.jpg 315w, https:\/\/enderorman.com\/home\/wp-content\/uploads\/2021\/06\/39_1_lima_urun-list1-300x186.jpg 300w\" sizes=\"(max-width: 372px) 100vw, 372px\" \/><\/figure>\n\n\n\n<h3 class=\"has-text-align-left\">Lima<\/h3>\n\n\n\n<div class=\"wp-block-buttons\">\n<div class=\"wp-block-button has-custom-width wp-block-button__width-100 is-style-default\"><a class=\"wp-block-button__link has-nv-site-bg-color has-neve-link-color-background-color has-text-color has-background no-border-radius\" href=\"https:\/\/enderorman.com\/home\/567-2\/\">\u0130ncele<\/a><\/div>\n<\/div>\n\n\n\n<figure class=\"wp-block-image size-large is-resized\"><img loading=\"lazy\" src=\"https:\/\/enderorman.com\/home\/wp-content\/uploads\/2021\/06\/44_1_samara_urun-list.jpg\" alt=\"\" class=\"wp-image-430\" width=\"375\" height=\"232\" srcset=\"https:\/\/enderorman.com\/home\/wp-content\/uploads\/2021\/06\/44_1_samara_urun-list.jpg 315w, https:\/\/enderorman.com\/home\/wp-content\/uploads\/2021\/06\/44_1_samara_urun-list-300x186.jpg 300w\" sizes=\"(max-width: 375px) 100vw, 375px\" \/><\/figure>\n\n\n\n<h3 class=\"has-text-align-left\">Samara<\/h3>\n\n\n\n<div class=\"wp-block-buttons\">\n<div class=\"wp-block-button has-custom-width wp-block-button__width-100 is-style-default\"><a class=\"wp-block-button__link has-nv-site-bg-color has-neve-link-color-background-color has-text-color has-background no-border-radius\" href=\"https:\/\/enderorman.com\/home\/589-2\/\">\u0130ncele<\/a><\/div>\n<\/div>\n<\/div>\n<\/div><\/section>\n<\/div>\n<\/div><\/section>\n","protected":false},"excerpt":{"rendered":"","protected":false},"author":2,"featured_media":0,"parent":0,"menu_order":0,"comment_status":"closed","ping_status":"closed","template":"","meta":{"neve_meta_sidebar":"full-width","neve_meta_container":"","neve_meta_enable_content_width":"on","neve_meta_content_width":100,"neve_meta_title_alignment":"","neve_meta_author_avatar":"","neve_post_elements_order":"","neve_meta_disable_header":"","neve_meta_disable_footer":"","neve_meta_disable_title":"","_ti_tpc_template_sync":false,"_ti_tpc_template_id":""},"_links":{"self":[{"href":"https:\/\/enderorman.com\/home\/wp-json\/wp\/v2\/pages\/404"}],"collection":[{"href":"https:\/\/enderorman.com\/home\/wp-json\/wp\/v2\/pages"}],"about":[{"href":"https:\/\/enderorman.com\/home\/wp-json\/wp\/v2\/types\/page"}],"author":[{"embeddable":true,"href":"https:\/\/enderorman.com\/home\/wp-json\/wp\/v2\/users\/2"}],"replies":[{"embeddable":true,"href":"https:\/\/enderorman.com\/home\/wp-json\/wp\/v2\/comments?post=404"}],"version-history":[{"count":28,"href":"https:\/\/enderorman.com\/home\/wp-json\/wp\/v2\/pages\/404\/revisions"}],"predecessor-version":[{"id":593,"href":"https:\/\/enderorman.com\/home\/wp-json\/wp\/v2\/pages\/404\/revisions\/593"}],"wp:attachment":[{"href":"https:\/\/enderorman.com\/home\/wp-json\/wp\/v2\/media?parent=404"}],"curies":[{"name":"wp","href":"https:\/\/api.w.org\/{rel}","templated":true}]}}